{"id":1068,"date":"2016-09-28T00:42:30","date_gmt":"2016-09-27T23:42:30","guid":{"rendered":"http:\/\/sniperhb.cz\/?page_id=1068"},"modified":"2016-10-02T20:38:11","modified_gmt":"2016-10-02T19:38:11","slug":"open-c-hucka-2003-09-06","status":"publish","type":"page","link":"https:\/\/sniperhb.cz\/?page_id=1068","title":{"rendered":"2003 &#8211; Open C &#8211; Hu\u010dka"},"content":{"rendered":"<p>To u\u017e si snad nikdo ani nem\u016f\u017ee pamatovat<\/p>\n<p>&nbsp;<\/p>\n<div class=\"flagallery phantom_skin\" id=\"FlaGallery_sc1_27\" style='width:640;'><style type=\"text\/css\" class=\"flagallery_skin_style_import\">#FlaGallery_sc1_27 .flagPhantom_ThumbContainer {width:200px; height:180px;}#FlaGallery_sc1_27 .flagPhantom_MobileView .flagPhantom_ThumbContainer {width:150px; height:135px;}#FlaGallery_sc1_27 .flagPhantom_Container {margin-left:auto;margin-right:auto;}#FlaGallery_sc1_27 .flagPhantom_ThumbContainer {margin:8px 0 0 8px;}#FlaGallery_sc1_27 .flagPhantom_ThumbContainer {padding:2px;}#FlaGallery_sc1_27 .flagPhantom_LabelBottom .flagPhantom_ThumbContainer {padding-bottom:36px;}#FlaGallery_sc1_27 .flagPhantom_ThumbContainer,#FlaGallery_sc1_27 .flagPhantom_LabelBottom .flagPhantom_ThumbLabel {background-color:#ffffff;}#FlaGallery_sc1_27 .flagPhantom_ThumbContainer .flagPhantom_Thumb {opacity:0.9;}#FlaGallery_sc1_27 .flagPhantom_ThumbContainer:hover .flagPhantom_Thumb {opacity:1;}#FlaGallery_sc1_27 .flagPhantom_ThumbContainer {border:1px solid #cccccc;}#FlaGallery_sc1_27 .flagPhantom_ThumbContainer {box-shadow:0 0 5px -2px #cccccc;}#FlaGallery_sc1_27 .flagPhantom_ThumbLabel {color:#0b0b0b;}#FlaGallery_sc1_27 .flagPhantom_ThumbLabel a {color:#3695E7;}#FlaGallery_sc1_27 .flagPhantom_LabelInside .flagPhantom_ThumbLabel,#FlaGallery_sc1_27 .flagPhantom_LabelHover .flagPhantom_ThumbLabel {color:#ffffff;}#FlaGallery_sc1_27 .flagPhantom_LabelInside .flagPhantom_ThumbLabel a,#FlaGallery_sc1_27 .flagPhantom_LabelHover .flagPhantom_ThumbLabel a,#FlaGallery_sc1_27 .flagPhantom_LabelInside .flagPhantom_ThumbLabel a:hover,#FlaGallery_sc1_27 .flagPhantom_LabelHover .flagPhantom_ThumbLabel a:hover {color:#e7e179;}<\/style> <div class=\"flagPhantom_Container noLightbox\" style=\"opacity:0\"> <h3>2003 - Open C - Hu\u010dka<\/h3> <div class=\"flagPhantom_thumbsWrapper flagPhantom_ThumbScale flagPhantom_LabelHover\"> <div class=\"flagPhantom_ThumbContainer flagPhantom_ThumbLoader\" data-id=\"1519\" data-ratio=\"1.3333333333333\" data-title=\"\" data-views=\"20\" data-likes=\"0\"> <a href=\"https:\/\/sniperhb.cz\/wp-content\/flagallery\/2003-open-c-hucka\/webview\/img00001.jpg\" class=\"flagPhantom_Thumb\"><img decoding=\"async\" class=\"noLazy\" src=\"https:\/\/sniperhb.cz\/wp-content\/flagallery\/2003-open-c-hucka\/thumbs\/thumbs_img00001.jpg\" data-src=\"https:\/\/sniperhb.cz\/wp-content\/flagallery\/2003-open-c-hucka\/webview\/img00001.jpg\" alt=\"\"\/><\/a> <div class=\"flagPhantom_ThumbLabel\"> <span class=\"flagPhantom_ThumbLabel_title\"><\/span><\/div> <div style=\"display:none;\" class=\"flagPhantom_Details\"> <\/div> <\/div> <div class=\"flagPhantom_ThumbContainer flagPhantom_ThumbLoader\" data-id=\"1520\" data-ratio=\"1.3333333333333\" data-title=\"\" data-views=\"13\" data-likes=\"0\"> <a href=\"https:\/\/sniperhb.cz\/wp-content\/flagallery\/2003-open-c-hucka\/webview\/img00002.jpg\" class=\"flagPhantom_Thumb\"><img decoding=\"async\" class=\"noLazy\" src=\"https:\/\/sniperhb.cz\/wp-content\/flagallery\/2003-open-c-hucka\/thumbs\/thumbs_img00002.jpg\" data-src=\"https:\/\/sniperhb.cz\/wp-content\/flagallery\/2003-open-c-hucka\/webview\/img00002.jpg\" alt=\"\"\/><\/a> <div class=\"flagPhantom_ThumbLabel\"> <span class=\"flagPhantom_ThumbLabel_title\"><\/span><\/div> <div style=\"display:none;\" class=\"flagPhantom_Details\"> <\/div> <\/div> <div class=\"flagPhantom_ThumbContainer flagPhantom_ThumbLoader\" data-id=\"1521\" data-ratio=\"1.3333333333333\" data-title=\"\" data-views=\"24\" data-likes=\"0\"> <a href=\"https:\/\/sniperhb.cz\/wp-content\/flagallery\/2003-open-c-hucka\/webview\/img00003.jpg\" class=\"flagPhantom_Thumb\"><img decoding=\"async\" class=\"noLazy\" src=\"https:\/\/sniperhb.cz\/wp-content\/flagallery\/2003-open-c-hucka\/thumbs\/thumbs_img00003.jpg\" data-src=\"https:\/\/sniperhb.cz\/wp-content\/flagallery\/2003-open-c-hucka\/webview\/img00003.jpg\" alt=\"\"\/><\/a> <div class=\"flagPhantom_ThumbLabel\"> <span class=\"flagPhantom_ThumbLabel_title\"><\/span><\/div> <div style=\"display:none;\" class=\"flagPhantom_Details\"> <\/div> <\/div> <div class=\"flagPhantom_ThumbContainer flagPhantom_ThumbLoader\" data-id=\"1522\" data-ratio=\"1.3333333333333\" data-title=\"\" data-views=\"25\" data-likes=\"0\"> <a href=\"https:\/\/sniperhb.cz\/wp-content\/flagallery\/2003-open-c-hucka\/webview\/img00004.jpg\" class=\"flagPhantom_Thumb\"><img decoding=\"async\" class=\"noLazy\" src=\"https:\/\/sniperhb.cz\/wp-content\/flagallery\/2003-open-c-hucka\/thumbs\/thumbs_img00004.jpg\" data-src=\"https:\/\/sniperhb.cz\/wp-content\/flagallery\/2003-open-c-hucka\/webview\/img00004.jpg\" alt=\"\"\/><\/a> <div class=\"flagPhantom_ThumbLabel\"> <span class=\"flagPhantom_ThumbLabel_title\"><\/span><\/div> <div style=\"display:none;\" class=\"flagPhantom_Details\"> <\/div> <\/div> <div class=\"flagPhantom_ThumbContainer flagPhantom_ThumbLoader\" data-id=\"1523\" data-ratio=\"1.3333333333333\" data-title=\"\" data-views=\"21\" data-likes=\"0\"> <a href=\"https:\/\/sniperhb.cz\/wp-content\/flagallery\/2003-open-c-hucka\/webview\/img00005.jpg\" class=\"flagPhantom_Thumb\"><img decoding=\"async\" class=\"noLazy\" src=\"https:\/\/sniperhb.cz\/wp-content\/flagallery\/2003-open-c-hucka\/thumbs\/thumbs_img00005.jpg\" data-src=\"https:\/\/sniperhb.cz\/wp-content\/flagallery\/2003-open-c-hucka\/webview\/img00005.jpg\" alt=\"\"\/><\/a> <div class=\"flagPhantom_ThumbLabel\"> <span class=\"flagPhantom_ThumbLabel_title\"><\/span><\/div> <div style=\"display:none;\" class=\"flagPhantom_Details\"> <\/div> <\/div> <div class=\"flagPhantom_ThumbContainer flagPhantom_ThumbLoader\" data-id=\"1524\" data-ratio=\"1.3333333333333\" data-title=\"\" data-views=\"22\" data-likes=\"0\"> <a href=\"https:\/\/sniperhb.cz\/wp-content\/flagallery\/2003-open-c-hucka\/webview\/img00006.jpg\" class=\"flagPhantom_Thumb\"><img decoding=\"async\" class=\"noLazy\" src=\"https:\/\/sniperhb.cz\/wp-content\/flagallery\/2003-open-c-hucka\/thumbs\/thumbs_img00006.jpg\" data-src=\"https:\/\/sniperhb.cz\/wp-content\/flagallery\/2003-open-c-hucka\/webview\/img00006.jpg\" alt=\"\"\/><\/a> <div class=\"flagPhantom_ThumbLabel\"> <span class=\"flagPhantom_ThumbLabel_title\"><\/span><\/div> <div style=\"display:none;\" class=\"flagPhantom_Details\"> <\/div> <\/div> <div class=\"flagPhantom_ThumbContainer flagPhantom_ThumbLoader\" data-id=\"1525\" data-ratio=\"1.3333333333333\" data-title=\"\" data-views=\"23\" data-likes=\"0\"> <a href=\"https:\/\/sniperhb.cz\/wp-content\/flagallery\/2003-open-c-hucka\/webview\/img00007.jpg\" class=\"flagPhantom_Thumb\"><img decoding=\"async\" class=\"noLazy\" src=\"https:\/\/sniperhb.cz\/wp-content\/flagallery\/2003-open-c-hucka\/thumbs\/thumbs_img00007.jpg\" data-src=\"https:\/\/sniperhb.cz\/wp-content\/flagallery\/2003-open-c-hucka\/webview\/img00007.jpg\" alt=\"\"\/><\/a> <div class=\"flagPhantom_ThumbLabel\"> <span class=\"flagPhantom_ThumbLabel_title\"><\/span><\/div> <div style=\"display:none;\" class=\"flagPhantom_Details\"> <\/div> <\/div> <div class=\"flagPhantom_ThumbContainer flagPhantom_ThumbLoader\" data-id=\"1526\" data-ratio=\"1.3333333333333\" data-title=\"\" data-views=\"27\" data-likes=\"0\"> <a href=\"https:\/\/sniperhb.cz\/wp-content\/flagallery\/2003-open-c-hucka\/webview\/img00008.jpg\" class=\"flagPhantom_Thumb\"><img decoding=\"async\" class=\"noLazy\" src=\"https:\/\/sniperhb.cz\/wp-content\/flagallery\/2003-open-c-hucka\/thumbs\/thumbs_img00008.jpg\" data-src=\"https:\/\/sniperhb.cz\/wp-content\/flagallery\/2003-open-c-hucka\/webview\/img00008.jpg\" alt=\"\"\/><\/a> <div class=\"flagPhantom_ThumbLabel\"> <span class=\"flagPhantom_ThumbLabel_title\"><\/span><\/div> <div style=\"display:none;\" class=\"flagPhantom_Details\"> <\/div> <\/div> <div class=\"flagPhantom_ThumbContainer flagPhantom_ThumbLoader\" data-id=\"1527\" data-ratio=\"1.3333333333333\" data-title=\"\" data-views=\"25\" data-likes=\"0\"> <a href=\"https:\/\/sniperhb.cz\/wp-content\/flagallery\/2003-open-c-hucka\/webview\/img00009.jpg\" class=\"flagPhantom_Thumb\"><img decoding=\"async\" class=\"noLazy\" src=\"https:\/\/sniperhb.cz\/wp-content\/flagallery\/2003-open-c-hucka\/thumbs\/thumbs_img00009.jpg\" data-src=\"https:\/\/sniperhb.cz\/wp-content\/flagallery\/2003-open-c-hucka\/webview\/img00009.jpg\" alt=\"\"\/><\/a> <div class=\"flagPhantom_ThumbLabel\"> <span class=\"flagPhantom_ThumbLabel_title\"><\/span><\/div> <div style=\"display:none;\" class=\"flagPhantom_Details\"> <\/div> <\/div> <div class=\"flagPhantom_ThumbContainer flagPhantom_ThumbLoader\" data-id=\"1528\" data-ratio=\"1.3333333333333\" data-title=\"\" data-views=\"30\" data-likes=\"0\"> <a href=\"https:\/\/sniperhb.cz\/wp-content\/flagallery\/2003-open-c-hucka\/webview\/img00010.jpg\" class=\"flagPhantom_Thumb\"><img decoding=\"async\" class=\"noLazy\" src=\"https:\/\/sniperhb.cz\/wp-content\/flagallery\/2003-open-c-hucka\/thumbs\/thumbs_img00010.jpg\" data-src=\"https:\/\/sniperhb.cz\/wp-content\/flagallery\/2003-open-c-hucka\/webview\/img00010.jpg\" alt=\"\"\/><\/a> <div class=\"flagPhantom_ThumbLabel\"> <span class=\"flagPhantom_ThumbLabel_title\"><\/span><\/div> <div style=\"display:none;\" class=\"flagPhantom_Details\"> <\/div> <\/div> <div class=\"flagPhantom_ThumbContainer flagPhantom_ThumbLoader\" data-id=\"1529\" data-ratio=\"1.3333333333333\" data-title=\"\" data-views=\"17\" data-likes=\"0\"> <a href=\"https:\/\/sniperhb.cz\/wp-content\/flagallery\/2003-open-c-hucka\/webview\/img00011.jpg\" class=\"flagPhantom_Thumb\"><img decoding=\"async\" class=\"noLazy\" src=\"https:\/\/sniperhb.cz\/wp-content\/flagallery\/2003-open-c-hucka\/thumbs\/thumbs_img00011.jpg\" data-src=\"https:\/\/sniperhb.cz\/wp-content\/flagallery\/2003-open-c-hucka\/webview\/img00011.jpg\" alt=\"\"\/><\/a> <div class=\"flagPhantom_ThumbLabel\"> <span class=\"flagPhantom_ThumbLabel_title\"><\/span><\/div> <div style=\"display:none;\" class=\"flagPhantom_Details\"> <\/div> <\/div> <div class=\"flagPhantom_ThumbContainer flagPhantom_ThumbLoader\" data-id=\"1530\" data-ratio=\"1.3333333333333\" data-title=\"\" data-views=\"21\" data-likes=\"0\"> <a href=\"https:\/\/sniperhb.cz\/wp-content\/flagallery\/2003-open-c-hucka\/webview\/img00012.jpg\" class=\"flagPhantom_Thumb\"><img decoding=\"async\" class=\"noLazy\" src=\"https:\/\/sniperhb.cz\/wp-content\/flagallery\/2003-open-c-hucka\/thumbs\/thumbs_img00012.jpg\" data-src=\"https:\/\/sniperhb.cz\/wp-content\/flagallery\/2003-open-c-hucka\/webview\/img00012.jpg\" alt=\"\"\/><\/a> <div class=\"flagPhantom_ThumbLabel\"> <span class=\"flagPhantom_ThumbLabel_title\"><\/span><\/div> <div style=\"display:none;\" class=\"flagPhantom_Details\"> <\/div> <\/div> <div class=\"flagPhantom_ThumbContainer flagPhantom_ThumbLoader\" data-id=\"1531\" data-ratio=\"1.3333333333333\" data-title=\"\" data-views=\"12\" data-likes=\"0\"> <a href=\"https:\/\/sniperhb.cz\/wp-content\/flagallery\/2003-open-c-hucka\/webview\/img00013.jpg\" class=\"flagPhantom_Thumb\"><img decoding=\"async\" class=\"noLazy\" src=\"https:\/\/sniperhb.cz\/wp-content\/flagallery\/2003-open-c-hucka\/thumbs\/thumbs_img00013.jpg\" data-src=\"https:\/\/sniperhb.cz\/wp-content\/flagallery\/2003-open-c-hucka\/webview\/img00013.jpg\" alt=\"\"\/><\/a> <div class=\"flagPhantom_ThumbLabel\"> <span class=\"flagPhantom_ThumbLabel_title\"><\/span><\/div> <div style=\"display:none;\" class=\"flagPhantom_Details\"> <\/div> <\/div> <div class=\"flagPhantom_ThumbContainer flagPhantom_ThumbLoader\" data-id=\"1532\" data-ratio=\"1.3333333333333\" data-title=\"\" data-views=\"18\" data-likes=\"0\"> <a href=\"https:\/\/sniperhb.cz\/wp-content\/flagallery\/2003-open-c-hucka\/webview\/img00014.jpg\" class=\"flagPhantom_Thumb\"><img decoding=\"async\" class=\"noLazy\" src=\"https:\/\/sniperhb.cz\/wp-content\/flagallery\/2003-open-c-hucka\/thumbs\/thumbs_img00014.jpg\" data-src=\"https:\/\/sniperhb.cz\/wp-content\/flagallery\/2003-open-c-hucka\/webview\/img00014.jpg\" alt=\"\"\/><\/a> <div class=\"flagPhantom_ThumbLabel\"> <span class=\"flagPhantom_ThumbLabel_title\"><\/span><\/div> <div style=\"display:none;\" class=\"flagPhantom_Details\"> <\/div> <\/div> <div class=\"flagPhantom_ThumbContainer flagPhantom_ThumbLoader\" data-id=\"1533\" data-ratio=\"1.3333333333333\" data-title=\"\" data-views=\"18\" data-likes=\"0\"> <a href=\"https:\/\/sniperhb.cz\/wp-content\/flagallery\/2003-open-c-hucka\/webview\/img00015.jpg\" class=\"flagPhantom_Thumb\"><img decoding=\"async\" class=\"noLazy\" src=\"https:\/\/sniperhb.cz\/wp-content\/flagallery\/2003-open-c-hucka\/thumbs\/thumbs_img00015.jpg\" data-src=\"https:\/\/sniperhb.cz\/wp-content\/flagallery\/2003-open-c-hucka\/webview\/img00015.jpg\" alt=\"\"\/><\/a> <div class=\"flagPhantom_ThumbLabel\"> <span class=\"flagPhantom_ThumbLabel_title\"><\/span><\/div> <div style=\"display:none;\" class=\"flagPhantom_Details\"> <\/div> <\/div> <div class=\"flagPhantom_ThumbContainer flagPhantom_ThumbLoader\" data-id=\"1534\" data-ratio=\"1.3333333333333\" data-title=\"\" data-views=\"40\" data-likes=\"0\"> <a href=\"https:\/\/sniperhb.cz\/wp-content\/flagallery\/2003-open-c-hucka\/webview\/img00016.jpg\" class=\"flagPhantom_Thumb\"><img decoding=\"async\" class=\"noLazy\" src=\"https:\/\/sniperhb.cz\/wp-content\/flagallery\/2003-open-c-hucka\/thumbs\/thumbs_img00016.jpg\" data-src=\"https:\/\/sniperhb.cz\/wp-content\/flagallery\/2003-open-c-hucka\/webview\/img00016.jpg\" alt=\"\"\/><\/a> <div class=\"flagPhantom_ThumbLabel\"> <span class=\"flagPhantom_ThumbLabel_title\"><\/span><\/div> <div style=\"display:none;\" class=\"flagPhantom_Details\"> <\/div> <\/div> <div class=\"flagPhantom_ThumbContainer flagPhantom_ThumbLoader\" data-id=\"1535\" data-ratio=\"1.3333333333333\" data-title=\"\" data-views=\"41\" data-likes=\"0\"> <a href=\"https:\/\/sniperhb.cz\/wp-content\/flagallery\/2003-open-c-hucka\/webview\/img00017.jpg\" class=\"flagPhantom_Thumb\"><img decoding=\"async\" class=\"noLazy\" src=\"https:\/\/sniperhb.cz\/wp-content\/flagallery\/2003-open-c-hucka\/thumbs\/thumbs_img00017.jpg\" data-src=\"https:\/\/sniperhb.cz\/wp-content\/flagallery\/2003-open-c-hucka\/webview\/img00017.jpg\" alt=\"\"\/><\/a> <div class=\"flagPhantom_ThumbLabel\"> <span class=\"flagPhantom_ThumbLabel_title\"><\/span><\/div> <div style=\"display:none;\" class=\"flagPhantom_Details\"> <\/div> <\/div> <div class=\"flagPhantom_ThumbContainer flagPhantom_ThumbLoader\" data-id=\"1536\" data-ratio=\"1.3333333333333\" data-title=\"\" data-views=\"23\" data-likes=\"0\"> <a href=\"https:\/\/sniperhb.cz\/wp-content\/flagallery\/2003-open-c-hucka\/webview\/img00018.jpg\" class=\"flagPhantom_Thumb\"><img decoding=\"async\" class=\"noLazy\" src=\"https:\/\/sniperhb.cz\/wp-content\/flagallery\/2003-open-c-hucka\/thumbs\/thumbs_img00018.jpg\" data-src=\"https:\/\/sniperhb.cz\/wp-content\/flagallery\/2003-open-c-hucka\/webview\/img00018.jpg\" alt=\"\"\/><\/a> <div class=\"flagPhantom_ThumbLabel\"> <span class=\"flagPhantom_ThumbLabel_title\"><\/span><\/div> <div style=\"display:none;\" class=\"flagPhantom_Details\"> <\/div> <\/div> <div class=\"flagPhantom_ThumbContainer flagPhantom_ThumbLoader\" data-id=\"1537\" data-ratio=\"1.3333333333333\" data-title=\"\" data-views=\"19\" data-likes=\"0\"> <a href=\"https:\/\/sniperhb.cz\/wp-content\/flagallery\/2003-open-c-hucka\/webview\/img00019.jpg\" class=\"flagPhantom_Thumb\"><img decoding=\"async\" class=\"noLazy\" src=\"https:\/\/sniperhb.cz\/wp-content\/flagallery\/2003-open-c-hucka\/thumbs\/thumbs_img00019.jpg\" data-src=\"https:\/\/sniperhb.cz\/wp-content\/flagallery\/2003-open-c-hucka\/webview\/img00019.jpg\" alt=\"\"\/><\/a> <div class=\"flagPhantom_ThumbLabel\"> <span class=\"flagPhantom_ThumbLabel_title\"><\/span><\/div> <div style=\"display:none;\" class=\"flagPhantom_Details\"> <\/div> <\/div> <div class=\"flagPhantom_ThumbContainer flagPhantom_ThumbLoader\" data-id=\"1538\" data-ratio=\"1.3333333333333\" data-title=\"\" data-views=\"14\" data-likes=\"0\"> <a href=\"https:\/\/sniperhb.cz\/wp-content\/flagallery\/2003-open-c-hucka\/webview\/img00020.jpg\" class=\"flagPhantom_Thumb\"><img decoding=\"async\" class=\"noLazy\" src=\"https:\/\/sniperhb.cz\/wp-content\/flagallery\/2003-open-c-hucka\/thumbs\/thumbs_img00020.jpg\" data-src=\"https:\/\/sniperhb.cz\/wp-content\/flagallery\/2003-open-c-hucka\/webview\/img00020.jpg\" alt=\"\"\/><\/a> <div class=\"flagPhantom_ThumbLabel\"> <span class=\"flagPhantom_ThumbLabel_title\"><\/span><\/div> <div style=\"display:none;\" class=\"flagPhantom_Details\"> <\/div> <\/div> <div class=\"flagPhantom_ThumbContainer flagPhantom_ThumbLoader\" data-id=\"1539\" data-ratio=\"1.3333333333333\" data-title=\"\" data-views=\"10\" data-likes=\"0\"> <a href=\"https:\/\/sniperhb.cz\/wp-content\/flagallery\/2003-open-c-hucka\/webview\/img00021.jpg\" class=\"flagPhantom_Thumb\"><img decoding=\"async\" class=\"noLazy\" src=\"https:\/\/sniperhb.cz\/wp-content\/flagallery\/2003-open-c-hucka\/thumbs\/thumbs_img00021.jpg\" data-src=\"https:\/\/sniperhb.cz\/wp-content\/flagallery\/2003-open-c-hucka\/webview\/img00021.jpg\" alt=\"\"\/><\/a> <div class=\"flagPhantom_ThumbLabel\"> <span class=\"flagPhantom_ThumbLabel_title\"><\/span><\/div> <div style=\"display:none;\" class=\"flagPhantom_Details\"> <\/div> <\/div> <div class=\"flagPhantom_ThumbContainer flagPhantom_ThumbLoader\" data-id=\"1540\" data-ratio=\"1.3333333333333\" data-title=\"\" data-views=\"37\" data-likes=\"0\"> <a href=\"https:\/\/sniperhb.cz\/wp-content\/flagallery\/2003-open-c-hucka\/webview\/img00022.jpg\" class=\"flagPhantom_Thumb\"><img decoding=\"async\" class=\"noLazy\" src=\"https:\/\/sniperhb.cz\/wp-content\/flagallery\/2003-open-c-hucka\/thumbs\/thumbs_img00022.jpg\" data-src=\"https:\/\/sniperhb.cz\/wp-content\/flagallery\/2003-open-c-hucka\/webview\/img00022.jpg\" alt=\"\"\/><\/a> <div class=\"flagPhantom_ThumbLabel\"> <span class=\"flagPhantom_ThumbLabel_title\"><\/span><\/div> <div style=\"display:none;\" class=\"flagPhantom_Details\"> <\/div> <\/div> <div class=\"flagPhantom_ThumbContainer flagPhantom_ThumbLoader\" data-id=\"1541\" data-ratio=\"1.3333333333333\" data-title=\"\" data-views=\"26\" data-likes=\"0\"> <a href=\"https:\/\/sniperhb.cz\/wp-content\/flagallery\/2003-open-c-hucka\/webview\/img00023.jpg\" class=\"flagPhantom_Thumb\"><img decoding=\"async\" class=\"noLazy\" src=\"https:\/\/sniperhb.cz\/wp-content\/flagallery\/2003-open-c-hucka\/thumbs\/thumbs_img00023.jpg\" data-src=\"https:\/\/sniperhb.cz\/wp-content\/flagallery\/2003-open-c-hucka\/webview\/img00023.jpg\" alt=\"\"\/><\/a> <div class=\"flagPhantom_ThumbLabel\"> <span class=\"flagPhantom_ThumbLabel_title\"><\/span><\/div> <div style=\"display:none;\" class=\"flagPhantom_Details\"> <\/div> <\/div> <div class=\"flagPhantom_ThumbContainer flagPhantom_ThumbLoader\" data-id=\"1542\" data-ratio=\"1.3333333333333\" data-title=\"\" data-views=\"29\" data-likes=\"0\"> <a href=\"https:\/\/sniperhb.cz\/wp-content\/flagallery\/2003-open-c-hucka\/webview\/img00024.jpg\" class=\"flagPhantom_Thumb\"><img decoding=\"async\" class=\"noLazy\" src=\"https:\/\/sniperhb.cz\/wp-content\/flagallery\/2003-open-c-hucka\/thumbs\/thumbs_img00024.jpg\" data-src=\"https:\/\/sniperhb.cz\/wp-content\/flagallery\/2003-open-c-hucka\/webview\/img00024.jpg\" alt=\"\"\/><\/a> <div class=\"flagPhantom_ThumbLabel\"> <span class=\"flagPhantom_ThumbLabel_title\"><\/span><\/div> <div style=\"display:none;\" class=\"flagPhantom_Details\"> <\/div> <\/div> <\/div> <\/div> <script type=\"text\/javascript\"> jQuery(function(){ var settings = {\"maxheight\":\"0\",\"thumbCols\":\"0\",\"thumbRows\":\"0\",\"thumbsNavigation\":\"scroll\",\"bgColor\":\"#ffffff\",\"bgAlpha\":\"0\",\"thumbWidth\":\"200\",\"thumbHeight\":\"180\",\"thumbWidthMobile\":\"150\",\"thumbHeightMobile\":\"135\",\"thumbsSpacing\":\"8\",\"thumbsVerticalPadding\":\"4\",\"thumbsHorizontalPadding\":\"4\",\"thumbsAlign\":\"center\",\"thumbScale\":\"1\",\"thumbBG\":\"#ffffff\",\"thumbAlpha\":\"90\",\"thumbAlphaHover\":\"100\",\"thumbBorderSize\":\"1\",\"thumbBorderColor\":\"#cccccc\",\"thumbPadding\":\"2\",\"thumbsInfo\":\"label\",\"labelOnHover\":\"1\",\"labelTextColor\":\"#ffffff\",\"labelLinkColor\":\"#e7e179\",\"label8TextColor\":\"#0b0b0b\",\"label8LinkColor\":\"#3695E7\",\"tooltipTextColor\":\"#0b0b0b\",\"tooltipBgColor\":\"#ffffff\",\"tooltipStrokeColor\":\"#000000\",\"lightboxControlsColor\":\"#ffffff\",\"lightboxTitleColor\":\"#f3f3f3\",\"lightboxTextColor\":\"#f3f3f3\",\"lightboxBGColor\":\"#0b0b0b\",\"lightboxBGAlpha\":\"80\",\"socialShareEnabled\":\"1\",\"deepLinks\":\"1\",\"sidebarBGColor\":\"#ffffff\",\"lightbox800HideArrows\":\"0\",\"viewsEnabled\":\"1\",\"likesEnabled\":\"1\",\"thumb2link\":\"0\",\"show_title\":\"1\",\"initRPdelay\":\"200\",\"key\":\"\",\"name\":\"\",\"mfp_css\":\"\\r\\n#mfp_gm_sc1_27 .mfp-arrow-right:after,\\r\\n#mfp_gm_sc1_27 .mfp-arrow-right .mfp-a {border-left-color:#ffffff;}\\r\\n#mfp_gm_sc1_27 .mfp-arrow-left:after,\\r\\n#mfp_gm_sc1_27 .mfp-arrow-left .mfp-a {border-right-color:#ffffff;}\\r\\n#mfp_gm_sc1_27 .mfp-close,\\r\\n#mfp_gm_sc1_27 .mfp-likes,\\r\\n#mfp_gm_sc1_27 .mfp-share {color:#ffffff;}\\r\\n#mfp_gm_sc1_27 .mfp-preloader {background-color:#ffffff;}\\r\\n#mfp_gm_sc1_27 .flagPhantom_title,\\r\\n#mfp_gm_sc1_27 .mfp-counter {color:#f3f3f3;}\\r\\n#mfp_gm_sc1_27 .flagPhantom_text {color:#f3f3f3;}\\r\\n#mfp_gm_sc1_27_bg.mfp-bg {background-color:#0b0b0b;}\\r\\n#mfp_gm_sc1_27_bg.mfp-bg {opacity:0.8;}\\r\\n#mfp_gm_sc1_27_bg.mfp-zoom-in.mfp-bg {opacity:0}\\r\\n#mfp_gm_sc1_27_bg.mfp-zoom-in.mfp-ready.mfp-bg {opacity:0.8;}\\r\\n#mfp_gm_sc1_27_bg.mfp-zoom-in.mfp-removing.mfp-bg {opacity:0}\"}; jQuery('#FlaGallery_sc1_27').flagPhantom([settings]); }); <\/script><\/div><noscript id=\"noscript_FlaGallery_sc1_27\"><img class=\"skip-lazy no-lazyload noLazy\" data-lazy-src=\"\" src =\"https:\/\/sniperhb.cz\/wp-content\/flagallery\/2003-open-c-hucka\/img00001.jpg\" alt=\"\" \/><img class=\"skip-lazy no-lazyload noLazy\" data-lazy-src=\"\" src =\"https:\/\/sniperhb.cz\/wp-content\/flagallery\/2003-open-c-hucka\/img00002.jpg\" alt=\"\" \/><img class=\"skip-lazy no-lazyload noLazy\" data-lazy-src=\"\" src =\"https:\/\/sniperhb.cz\/wp-content\/flagallery\/2003-open-c-hucka\/img00003.jpg\" alt=\"\" \/><img class=\"skip-lazy no-lazyload noLazy\" data-lazy-src=\"\" src =\"https:\/\/sniperhb.cz\/wp-content\/flagallery\/2003-open-c-hucka\/img00004.jpg\" alt=\"\" \/><img class=\"skip-lazy no-lazyload noLazy\" data-lazy-src=\"\" src =\"https:\/\/sniperhb.cz\/wp-content\/flagallery\/2003-open-c-hucka\/img00005.jpg\" alt=\"\" \/><img class=\"skip-lazy no-lazyload noLazy\" data-lazy-src=\"\" src =\"https:\/\/sniperhb.cz\/wp-content\/flagallery\/2003-open-c-hucka\/img00006.jpg\" alt=\"\" \/><img class=\"skip-lazy no-lazyload noLazy\" data-lazy-src=\"\" src =\"https:\/\/sniperhb.cz\/wp-content\/flagallery\/2003-open-c-hucka\/img00007.jpg\" alt=\"\" \/><img class=\"skip-lazy no-lazyload noLazy\" data-lazy-src=\"\" src =\"https:\/\/sniperhb.cz\/wp-content\/flagallery\/2003-open-c-hucka\/img00008.jpg\" alt=\"\" \/><img class=\"skip-lazy no-lazyload noLazy\" data-lazy-src=\"\" src =\"https:\/\/sniperhb.cz\/wp-content\/flagallery\/2003-open-c-hucka\/img00009.jpg\" alt=\"\" \/><img class=\"skip-lazy no-lazyload noLazy\" data-lazy-src=\"\" src =\"https:\/\/sniperhb.cz\/wp-content\/flagallery\/2003-open-c-hucka\/img00010.jpg\" alt=\"\" \/><img class=\"skip-lazy no-lazyload noLazy\" data-lazy-src=\"\" src =\"https:\/\/sniperhb.cz\/wp-content\/flagallery\/2003-open-c-hucka\/img00011.jpg\" alt=\"\" \/><img class=\"skip-lazy no-lazyload noLazy\" data-lazy-src=\"\" src =\"https:\/\/sniperhb.cz\/wp-content\/flagallery\/2003-open-c-hucka\/img00012.jpg\" alt=\"\" \/><img class=\"skip-lazy no-lazyload noLazy\" data-lazy-src=\"\" src =\"https:\/\/sniperhb.cz\/wp-content\/flagallery\/2003-open-c-hucka\/img00013.jpg\" alt=\"\" \/><img class=\"skip-lazy no-lazyload noLazy\" data-lazy-src=\"\" src =\"https:\/\/sniperhb.cz\/wp-content\/flagallery\/2003-open-c-hucka\/img00014.jpg\" alt=\"\" \/><img class=\"skip-lazy no-lazyload noLazy\" data-lazy-src=\"\" src =\"https:\/\/sniperhb.cz\/wp-content\/flagallery\/2003-open-c-hucka\/img00015.jpg\" alt=\"\" \/><img class=\"skip-lazy no-lazyload noLazy\" data-lazy-src=\"\" src =\"https:\/\/sniperhb.cz\/wp-content\/flagallery\/2003-open-c-hucka\/img00016.jpg\" alt=\"\" \/><img class=\"skip-lazy no-lazyload noLazy\" data-lazy-src=\"\" src =\"https:\/\/sniperhb.cz\/wp-content\/flagallery\/2003-open-c-hucka\/img00017.jpg\" alt=\"\" \/><img class=\"skip-lazy no-lazyload noLazy\" data-lazy-src=\"\" src =\"https:\/\/sniperhb.cz\/wp-content\/flagallery\/2003-open-c-hucka\/img00018.jpg\" alt=\"\" \/><img class=\"skip-lazy no-lazyload noLazy\" data-lazy-src=\"\" src =\"https:\/\/sniperhb.cz\/wp-content\/flagallery\/2003-open-c-hucka\/img00019.jpg\" alt=\"\" \/><img class=\"skip-lazy no-lazyload noLazy\" data-lazy-src=\"\" src =\"https:\/\/sniperhb.cz\/wp-content\/flagallery\/2003-open-c-hucka\/img00020.jpg\" alt=\"\" \/><img class=\"skip-lazy no-lazyload noLazy\" data-lazy-src=\"\" src =\"https:\/\/sniperhb.cz\/wp-content\/flagallery\/2003-open-c-hucka\/img00021.jpg\" alt=\"\" \/><img class=\"skip-lazy no-lazyload noLazy\" data-lazy-src=\"\" src =\"https:\/\/sniperhb.cz\/wp-content\/flagallery\/2003-open-c-hucka\/img00022.jpg\" alt=\"\" \/><img class=\"skip-lazy no-lazyload noLazy\" data-lazy-src=\"\" src =\"https:\/\/sniperhb.cz\/wp-content\/flagallery\/2003-open-c-hucka\/img00023.jpg\" alt=\"\" \/><img class=\"skip-lazy no-lazyload noLazy\" data-lazy-src=\"\" src =\"https:\/\/sniperhb.cz\/wp-content\/flagallery\/2003-open-c-hucka\/img00024.jpg\" alt=\"\" \/><\/noscript>\n","protected":false},"excerpt":{"rendered":"<p>To u\u017e si snad nikdo ani nem\u016f\u017ee pamatovat &nbsp;<\/p>\n","protected":false},"author":1,"featured_media":2517,"parent":1002,"menu_order":571,"comment_status":"closed","ping_status":"closed","template":"","meta":{"footnotes":""},"class_list":["post-1068","page","type-page","status-publish","has-post-thumbnail","hentry","nodate","item-wrap"],"_links":{"self":[{"href":"https:\/\/sniperhb.cz\/index.php?rest_route=\/wp\/v2\/pages\/1068","targetHints":{"allow":["GET"]}}],"collection":[{"href":"https:\/\/sniperhb.cz\/index.php?rest_route=\/wp\/v2\/pages"}],"about":[{"href":"https:\/\/sniperhb.cz\/index.php?rest_route=\/wp\/v2\/types\/page"}],"author":[{"embeddable":true,"href":"https:\/\/sniperhb.cz\/index.php?rest_route=\/wp\/v2\/users\/1"}],"replies":[{"embeddable":true,"href":"https:\/\/sniperhb.cz\/index.php?rest_route=%2Fwp%2Fv2%2Fcomments&post=1068"}],"version-history":[{"count":4,"href":"https:\/\/sniperhb.cz\/index.php?rest_route=\/wp\/v2\/pages\/1068\/revisions"}],"predecessor-version":[{"id":2505,"href":"https:\/\/sniperhb.cz\/index.php?rest_route=\/wp\/v2\/pages\/1068\/revisions\/2505"}],"up":[{"embeddable":true,"href":"https:\/\/sniperhb.cz\/index.php?rest_route=\/wp\/v2\/pages\/1002"}],"wp:featuredmedia":[{"embeddable":true,"href":"https:\/\/sniperhb.cz\/index.php?rest_route=\/wp\/v2\/media\/2517"}],"wp:attachment":[{"href":"https:\/\/sniperhb.cz\/index.php?rest_route=%2Fwp%2Fv2%2Fmedia&parent=1068"}],"curies":[{"name":"wp","href":"https:\/\/api.w.org\/{rel}","templated":true}]}}