{"id":1268,"date":"2016-09-28T01:10:11","date_gmt":"2016-09-28T00:10:11","guid":{"rendered":"http:\/\/sniperhb.cz\/?page_id=1268"},"modified":"2016-10-02T20:31:33","modified_gmt":"2016-10-02T19:31:33","slug":"stepansky-turnaj-2005","status":"publish","type":"page","link":"https:\/\/sniperhb.cz\/?page_id=1268","title":{"rendered":"2005 &#8211; \u0160t\u011bp\u00e1nsk\u00fd turnaj"},"content":{"rendered":"<p>Poprv\u00e9 se na fotk\u00e1ch objevuje letit\u00fd maskot t\u00fdmu<\/p>\n<p>&nbsp;<\/p>\n<div class=\"flagallery phantom_skin\" id=\"FlaGallery_sc1_20\" style='width:360;'><style type=\"text\/css\" class=\"flagallery_skin_style_import\">#FlaGallery_sc1_20 .flagPhantom_ThumbContainer {width:200px; height:180px;}#FlaGallery_sc1_20 .flagPhantom_MobileView .flagPhantom_ThumbContainer {width:150px; height:135px;}#FlaGallery_sc1_20 .flagPhantom_Container {margin-left:auto;margin-right:auto;}#FlaGallery_sc1_20 .flagPhantom_ThumbContainer {margin:8px 0 0 8px;}#FlaGallery_sc1_20 .flagPhantom_ThumbContainer {padding:2px;}#FlaGallery_sc1_20 .flagPhantom_LabelBottom .flagPhantom_ThumbContainer {padding-bottom:36px;}#FlaGallery_sc1_20 .flagPhantom_ThumbContainer,#FlaGallery_sc1_20 .flagPhantom_LabelBottom .flagPhantom_ThumbLabel {background-color:#ffffff;}#FlaGallery_sc1_20 .flagPhantom_ThumbContainer .flagPhantom_Thumb {opacity:0.9;}#FlaGallery_sc1_20 .flagPhantom_ThumbContainer:hover .flagPhantom_Thumb {opacity:1;}#FlaGallery_sc1_20 .flagPhantom_ThumbContainer {border:1px solid #cccccc;}#FlaGallery_sc1_20 .flagPhantom_ThumbContainer {box-shadow:0 0 5px -2px #cccccc;}#FlaGallery_sc1_20 .flagPhantom_ThumbLabel {color:#0b0b0b;}#FlaGallery_sc1_20 .flagPhantom_ThumbLabel a {color:#3695E7;}#FlaGallery_sc1_20 .flagPhantom_LabelInside .flagPhantom_ThumbLabel,#FlaGallery_sc1_20 .flagPhantom_LabelHover .flagPhantom_ThumbLabel {color:#ffffff;}#FlaGallery_sc1_20 .flagPhantom_LabelInside .flagPhantom_ThumbLabel a,#FlaGallery_sc1_20 .flagPhantom_LabelHover .flagPhantom_ThumbLabel a,#FlaGallery_sc1_20 .flagPhantom_LabelInside .flagPhantom_ThumbLabel a:hover,#FlaGallery_sc1_20 .flagPhantom_LabelHover .flagPhantom_ThumbLabel a:hover {color:#e7e179;}<\/style> <div class=\"flagPhantom_Container noLightbox\" style=\"opacity:0\"> <h3>2005 - \u0160t\u011bp\u00e1nsk\u00fd turnaj<\/h3> <div class=\"flagPhantom_thumbsWrapper flagPhantom_ThumbScale flagPhantom_LabelHover\"> <div class=\"flagPhantom_ThumbContainer flagPhantom_ThumbLoader\" data-id=\"1108\" data-ratio=\"1.3333333333333\" data-title=\"\" data-views=\"38\" data-likes=\"0\"> <a href=\"https:\/\/sniperhb.cz\/wp-content\/flagallery\/2005-stepansky-turnaj\/webview\/img00001.jpg\" class=\"flagPhantom_Thumb\"><img decoding=\"async\" class=\"noLazy\" src=\"https:\/\/sniperhb.cz\/wp-content\/flagallery\/2005-stepansky-turnaj\/thumbs\/thumbs_img00001.jpg\" data-src=\"https:\/\/sniperhb.cz\/wp-content\/flagallery\/2005-stepansky-turnaj\/webview\/img00001.jpg\" alt=\"\"\/><\/a> <div class=\"flagPhantom_ThumbLabel\"> <span class=\"flagPhantom_ThumbLabel_title\"><\/span><\/div> <div style=\"display:none;\" class=\"flagPhantom_Details\"> <\/div> <\/div> <div class=\"flagPhantom_ThumbContainer flagPhantom_ThumbLoader\" data-id=\"1109\" data-ratio=\"1.3333333333333\" data-title=\"\" data-views=\"37\" data-likes=\"0\"> <a href=\"https:\/\/sniperhb.cz\/wp-content\/flagallery\/2005-stepansky-turnaj\/webview\/img00002.jpg\" class=\"flagPhantom_Thumb\"><img decoding=\"async\" class=\"noLazy\" src=\"https:\/\/sniperhb.cz\/wp-content\/flagallery\/2005-stepansky-turnaj\/thumbs\/thumbs_img00002.jpg\" data-src=\"https:\/\/sniperhb.cz\/wp-content\/flagallery\/2005-stepansky-turnaj\/webview\/img00002.jpg\" alt=\"\"\/><\/a> <div class=\"flagPhantom_ThumbLabel\"> <span class=\"flagPhantom_ThumbLabel_title\"><\/span><\/div> <div style=\"display:none;\" class=\"flagPhantom_Details\"> <\/div> <\/div> <div class=\"flagPhantom_ThumbContainer flagPhantom_ThumbLoader\" data-id=\"1110\" data-ratio=\"1.3333333333333\" data-title=\"\" data-views=\"33\" data-likes=\"0\"> <a href=\"https:\/\/sniperhb.cz\/wp-content\/flagallery\/2005-stepansky-turnaj\/webview\/img00003.jpg\" class=\"flagPhantom_Thumb\"><img decoding=\"async\" class=\"noLazy\" src=\"https:\/\/sniperhb.cz\/wp-content\/flagallery\/2005-stepansky-turnaj\/thumbs\/thumbs_img00003.jpg\" data-src=\"https:\/\/sniperhb.cz\/wp-content\/flagallery\/2005-stepansky-turnaj\/webview\/img00003.jpg\" alt=\"\"\/><\/a> <div class=\"flagPhantom_ThumbLabel\"> <span class=\"flagPhantom_ThumbLabel_title\"><\/span><\/div> <div style=\"display:none;\" class=\"flagPhantom_Details\"> <\/div> <\/div> <div class=\"flagPhantom_ThumbContainer flagPhantom_ThumbLoader\" data-id=\"1111\" data-ratio=\"1.3333333333333\" data-title=\"\" data-views=\"22\" data-likes=\"0\"> <a href=\"https:\/\/sniperhb.cz\/wp-content\/flagallery\/2005-stepansky-turnaj\/webview\/img00004.jpg\" class=\"flagPhantom_Thumb\"><img decoding=\"async\" class=\"noLazy\" src=\"https:\/\/sniperhb.cz\/wp-content\/flagallery\/2005-stepansky-turnaj\/thumbs\/thumbs_img00004.jpg\" data-src=\"https:\/\/sniperhb.cz\/wp-content\/flagallery\/2005-stepansky-turnaj\/webview\/img00004.jpg\" alt=\"\"\/><\/a> <div class=\"flagPhantom_ThumbLabel\"> <span class=\"flagPhantom_ThumbLabel_title\"><\/span><\/div> <div style=\"display:none;\" class=\"flagPhantom_Details\"> <\/div> <\/div> <div class=\"flagPhantom_ThumbContainer flagPhantom_ThumbLoader\" data-id=\"1112\" data-ratio=\"1.3333333333333\" data-title=\"\" data-views=\"20\" data-likes=\"0\"> <a href=\"https:\/\/sniperhb.cz\/wp-content\/flagallery\/2005-stepansky-turnaj\/webview\/img00005.jpg\" class=\"flagPhantom_Thumb\"><img decoding=\"async\" class=\"noLazy\" src=\"https:\/\/sniperhb.cz\/wp-content\/flagallery\/2005-stepansky-turnaj\/thumbs\/thumbs_img00005.jpg\" data-src=\"https:\/\/sniperhb.cz\/wp-content\/flagallery\/2005-stepansky-turnaj\/webview\/img00005.jpg\" alt=\"\"\/><\/a> <div class=\"flagPhantom_ThumbLabel\"> <span class=\"flagPhantom_ThumbLabel_title\"><\/span><\/div> <div style=\"display:none;\" class=\"flagPhantom_Details\"> <\/div> <\/div> <div class=\"flagPhantom_ThumbContainer flagPhantom_ThumbLoader\" data-id=\"1113\" data-ratio=\"1.3333333333333\" data-title=\"\" data-views=\"15\" data-likes=\"0\"> <a href=\"https:\/\/sniperhb.cz\/wp-content\/flagallery\/2005-stepansky-turnaj\/webview\/img00006.jpg\" class=\"flagPhantom_Thumb\"><img decoding=\"async\" class=\"noLazy\" src=\"https:\/\/sniperhb.cz\/wp-content\/flagallery\/2005-stepansky-turnaj\/thumbs\/thumbs_img00006.jpg\" data-src=\"https:\/\/sniperhb.cz\/wp-content\/flagallery\/2005-stepansky-turnaj\/webview\/img00006.jpg\" alt=\"\"\/><\/a> <div class=\"flagPhantom_ThumbLabel\"> <span class=\"flagPhantom_ThumbLabel_title\"><\/span><\/div> <div style=\"display:none;\" class=\"flagPhantom_Details\"> <\/div> <\/div> <div class=\"flagPhantom_ThumbContainer flagPhantom_ThumbLoader\" data-id=\"1114\" data-ratio=\"1.3333333333333\" data-title=\"\" data-views=\"31\" data-likes=\"0\"> <a href=\"https:\/\/sniperhb.cz\/wp-content\/flagallery\/2005-stepansky-turnaj\/webview\/img00007.jpg\" class=\"flagPhantom_Thumb\"><img decoding=\"async\" class=\"noLazy\" src=\"https:\/\/sniperhb.cz\/wp-content\/flagallery\/2005-stepansky-turnaj\/thumbs\/thumbs_img00007.jpg\" data-src=\"https:\/\/sniperhb.cz\/wp-content\/flagallery\/2005-stepansky-turnaj\/webview\/img00007.jpg\" alt=\"\"\/><\/a> <div class=\"flagPhantom_ThumbLabel\"> <span class=\"flagPhantom_ThumbLabel_title\"><\/span><\/div> <div style=\"display:none;\" class=\"flagPhantom_Details\"> <\/div> <\/div> <div class=\"flagPhantom_ThumbContainer flagPhantom_ThumbLoader\" data-id=\"1115\" data-ratio=\"1.3333333333333\" data-title=\"\" data-views=\"34\" data-likes=\"0\"> <a href=\"https:\/\/sniperhb.cz\/wp-content\/flagallery\/2005-stepansky-turnaj\/webview\/img00008.jpg\" class=\"flagPhantom_Thumb\"><img decoding=\"async\" class=\"noLazy\" src=\"https:\/\/sniperhb.cz\/wp-content\/flagallery\/2005-stepansky-turnaj\/thumbs\/thumbs_img00008.jpg\" data-src=\"https:\/\/sniperhb.cz\/wp-content\/flagallery\/2005-stepansky-turnaj\/webview\/img00008.jpg\" alt=\"\"\/><\/a> <div class=\"flagPhantom_ThumbLabel\"> <span class=\"flagPhantom_ThumbLabel_title\"><\/span><\/div> <div style=\"display:none;\" class=\"flagPhantom_Details\"> <\/div> <\/div> <div class=\"flagPhantom_ThumbContainer flagPhantom_ThumbLoader\" data-id=\"1116\" data-ratio=\"1.3333333333333\" data-title=\"\" data-views=\"39\" data-likes=\"0\"> <a href=\"https:\/\/sniperhb.cz\/wp-content\/flagallery\/2005-stepansky-turnaj\/webview\/img00009.jpg\" class=\"flagPhantom_Thumb\"><img decoding=\"async\" class=\"noLazy\" src=\"https:\/\/sniperhb.cz\/wp-content\/flagallery\/2005-stepansky-turnaj\/thumbs\/thumbs_img00009.jpg\" data-src=\"https:\/\/sniperhb.cz\/wp-content\/flagallery\/2005-stepansky-turnaj\/webview\/img00009.jpg\" alt=\"\"\/><\/a> <div class=\"flagPhantom_ThumbLabel\"> <span class=\"flagPhantom_ThumbLabel_title\"><\/span><\/div> <div style=\"display:none;\" class=\"flagPhantom_Details\"> <\/div> <\/div> <div class=\"flagPhantom_ThumbContainer flagPhantom_ThumbLoader\" data-id=\"1117\" data-ratio=\"1\" data-title=\"\" data-views=\"30\" data-likes=\"0\"> <a href=\"https:\/\/sniperhb.cz\/wp-content\/flagallery\/2005-stepansky-turnaj\/webview\/img00010.jpg\" class=\"flagPhantom_Thumb\"><img decoding=\"async\" class=\"noLazy\" src=\"https:\/\/sniperhb.cz\/wp-content\/flagallery\/2005-stepansky-turnaj\/thumbs\/thumbs_img00010.jpg\" data-src=\"https:\/\/sniperhb.cz\/wp-content\/flagallery\/2005-stepansky-turnaj\/webview\/img00010.jpg\" alt=\"\"\/><\/a> <div class=\"flagPhantom_ThumbLabel\"> <span class=\"flagPhantom_ThumbLabel_title\"><\/span><\/div> <div style=\"display:none;\" class=\"flagPhantom_Details\"> <\/div> <\/div> <div class=\"flagPhantom_ThumbContainer flagPhantom_ThumbLoader\" data-id=\"1118\" data-ratio=\"1\" data-title=\"\" data-views=\"35\" data-likes=\"0\"> <a href=\"https:\/\/sniperhb.cz\/wp-content\/flagallery\/2005-stepansky-turnaj\/webview\/img00011.jpg\" class=\"flagPhantom_Thumb\"><img decoding=\"async\" class=\"noLazy\" src=\"https:\/\/sniperhb.cz\/wp-content\/flagallery\/2005-stepansky-turnaj\/thumbs\/thumbs_img00011.jpg\" data-src=\"https:\/\/sniperhb.cz\/wp-content\/flagallery\/2005-stepansky-turnaj\/webview\/img00011.jpg\" alt=\"\"\/><\/a> <div class=\"flagPhantom_ThumbLabel\"> <span class=\"flagPhantom_ThumbLabel_title\"><\/span><\/div> <div style=\"display:none;\" class=\"flagPhantom_Details\"> <\/div> <\/div> <div class=\"flagPhantom_ThumbContainer flagPhantom_ThumbLoader\" data-id=\"1119\" data-ratio=\"1\" data-title=\"\" data-views=\"24\" data-likes=\"0\"> <a href=\"https:\/\/sniperhb.cz\/wp-content\/flagallery\/2005-stepansky-turnaj\/webview\/img00012.jpg\" class=\"flagPhantom_Thumb\"><img decoding=\"async\" class=\"noLazy\" src=\"https:\/\/sniperhb.cz\/wp-content\/flagallery\/2005-stepansky-turnaj\/thumbs\/thumbs_img00012.jpg\" data-src=\"https:\/\/sniperhb.cz\/wp-content\/flagallery\/2005-stepansky-turnaj\/webview\/img00012.jpg\" alt=\"\"\/><\/a> <div class=\"flagPhantom_ThumbLabel\"> <span class=\"flagPhantom_ThumbLabel_title\"><\/span><\/div> <div style=\"display:none;\" class=\"flagPhantom_Details\"> <\/div> <\/div> <div class=\"flagPhantom_ThumbContainer flagPhantom_ThumbLoader\" data-id=\"1120\" data-ratio=\"1.3333333333333\" data-title=\"\" data-views=\"45\" data-likes=\"0\"> <a href=\"https:\/\/sniperhb.cz\/wp-content\/flagallery\/2005-stepansky-turnaj\/webview\/img00013.jpg\" class=\"flagPhantom_Thumb\"><img decoding=\"async\" class=\"noLazy\" src=\"https:\/\/sniperhb.cz\/wp-content\/flagallery\/2005-stepansky-turnaj\/thumbs\/thumbs_img00013.jpg\" data-src=\"https:\/\/sniperhb.cz\/wp-content\/flagallery\/2005-stepansky-turnaj\/webview\/img00013.jpg\" alt=\"\"\/><\/a> <div class=\"flagPhantom_ThumbLabel\"> <span class=\"flagPhantom_ThumbLabel_title\"><\/span><\/div> <div style=\"display:none;\" class=\"flagPhantom_Details\"> <\/div> <\/div> <div class=\"flagPhantom_ThumbContainer flagPhantom_ThumbLoader\" data-id=\"1121\" data-ratio=\"1\" data-title=\"\" data-views=\"25\" data-likes=\"0\"> <a href=\"https:\/\/sniperhb.cz\/wp-content\/flagallery\/2005-stepansky-turnaj\/webview\/img00014.jpg\" class=\"flagPhantom_Thumb\"><img decoding=\"async\" class=\"noLazy\" src=\"https:\/\/sniperhb.cz\/wp-content\/flagallery\/2005-stepansky-turnaj\/thumbs\/thumbs_img00014.jpg\" data-src=\"https:\/\/sniperhb.cz\/wp-content\/flagallery\/2005-stepansky-turnaj\/webview\/img00014.jpg\" alt=\"\"\/><\/a> <div class=\"flagPhantom_ThumbLabel\"> <span class=\"flagPhantom_ThumbLabel_title\"><\/span><\/div> <div style=\"display:none;\" class=\"flagPhantom_Details\"> <\/div> <\/div> <div class=\"flagPhantom_ThumbContainer flagPhantom_ThumbLoader\" data-id=\"1122\" data-ratio=\"1\" data-title=\"\" data-views=\"20\" data-likes=\"0\"> <a href=\"https:\/\/sniperhb.cz\/wp-content\/flagallery\/2005-stepansky-turnaj\/webview\/img00015.jpg\" class=\"flagPhantom_Thumb\"><img decoding=\"async\" class=\"noLazy\" src=\"https:\/\/sniperhb.cz\/wp-content\/flagallery\/2005-stepansky-turnaj\/thumbs\/thumbs_img00015.jpg\" data-src=\"https:\/\/sniperhb.cz\/wp-content\/flagallery\/2005-stepansky-turnaj\/webview\/img00015.jpg\" alt=\"\"\/><\/a> <div class=\"flagPhantom_ThumbLabel\"> <span class=\"flagPhantom_ThumbLabel_title\"><\/span><\/div> <div style=\"display:none;\" class=\"flagPhantom_Details\"> <\/div> <\/div> <div class=\"flagPhantom_ThumbContainer flagPhantom_ThumbLoader\" data-id=\"1123\" data-ratio=\"1\" data-title=\"\" data-views=\"43\" data-likes=\"1\"> <a href=\"https:\/\/sniperhb.cz\/wp-content\/flagallery\/2005-stepansky-turnaj\/webview\/img00016.jpg\" class=\"flagPhantom_Thumb\"><img decoding=\"async\" class=\"noLazy\" src=\"https:\/\/sniperhb.cz\/wp-content\/flagallery\/2005-stepansky-turnaj\/thumbs\/thumbs_img00016.jpg\" data-src=\"https:\/\/sniperhb.cz\/wp-content\/flagallery\/2005-stepansky-turnaj\/webview\/img00016.jpg\" alt=\"\"\/><\/a> <div class=\"flagPhantom_ThumbLabel\"> <span class=\"flagPhantom_ThumbLabel_title\"><\/span><\/div> <div style=\"display:none;\" class=\"flagPhantom_Details\"> <\/div> <\/div> <div class=\"flagPhantom_ThumbContainer flagPhantom_ThumbLoader\" data-id=\"1124\" data-ratio=\"1\" data-title=\"\" data-views=\"38\" data-likes=\"0\"> <a href=\"https:\/\/sniperhb.cz\/wp-content\/flagallery\/2005-stepansky-turnaj\/webview\/img00017.jpg\" class=\"flagPhantom_Thumb\"><img decoding=\"async\" class=\"noLazy\" src=\"https:\/\/sniperhb.cz\/wp-content\/flagallery\/2005-stepansky-turnaj\/thumbs\/thumbs_img00017.jpg\" data-src=\"https:\/\/sniperhb.cz\/wp-content\/flagallery\/2005-stepansky-turnaj\/webview\/img00017.jpg\" alt=\"\"\/><\/a> <div class=\"flagPhantom_ThumbLabel\"> <span class=\"flagPhantom_ThumbLabel_title\"><\/span><\/div> <div style=\"display:none;\" class=\"flagPhantom_Details\"> <\/div> <\/div> <div class=\"flagPhantom_ThumbContainer flagPhantom_ThumbLoader\" data-id=\"1125\" data-ratio=\"1\" data-title=\"\" data-views=\"40\" data-likes=\"0\"> <a href=\"https:\/\/sniperhb.cz\/wp-content\/flagallery\/2005-stepansky-turnaj\/webview\/img00018.jpg\" class=\"flagPhantom_Thumb\"><img decoding=\"async\" class=\"noLazy\" src=\"https:\/\/sniperhb.cz\/wp-content\/flagallery\/2005-stepansky-turnaj\/thumbs\/thumbs_img00018.jpg\" data-src=\"https:\/\/sniperhb.cz\/wp-content\/flagallery\/2005-stepansky-turnaj\/webview\/img00018.jpg\" alt=\"\"\/><\/a> <div class=\"flagPhantom_ThumbLabel\"> <span class=\"flagPhantom_ThumbLabel_title\"><\/span><\/div> <div style=\"display:none;\" class=\"flagPhantom_Details\"> <\/div> <\/div> <\/div> <\/div> <script type=\"text\/javascript\"> jQuery(function(){ var settings = {\"maxheight\":\"0\",\"thumbCols\":\"0\",\"thumbRows\":\"0\",\"thumbsNavigation\":\"scroll\",\"bgColor\":\"#ffffff\",\"bgAlpha\":\"0\",\"thumbWidth\":\"200\",\"thumbHeight\":\"180\",\"thumbWidthMobile\":\"150\",\"thumbHeightMobile\":\"135\",\"thumbsSpacing\":\"8\",\"thumbsVerticalPadding\":\"4\",\"thumbsHorizontalPadding\":\"4\",\"thumbsAlign\":\"center\",\"thumbScale\":\"1\",\"thumbBG\":\"#ffffff\",\"thumbAlpha\":\"90\",\"thumbAlphaHover\":\"100\",\"thumbBorderSize\":\"1\",\"thumbBorderColor\":\"#cccccc\",\"thumbPadding\":\"2\",\"thumbsInfo\":\"label\",\"labelOnHover\":\"1\",\"labelTextColor\":\"#ffffff\",\"labelLinkColor\":\"#e7e179\",\"label8TextColor\":\"#0b0b0b\",\"label8LinkColor\":\"#3695E7\",\"tooltipTextColor\":\"#0b0b0b\",\"tooltipBgColor\":\"#ffffff\",\"tooltipStrokeColor\":\"#000000\",\"lightboxControlsColor\":\"#ffffff\",\"lightboxTitleColor\":\"#f3f3f3\",\"lightboxTextColor\":\"#f3f3f3\",\"lightboxBGColor\":\"#0b0b0b\",\"lightboxBGAlpha\":\"80\",\"socialShareEnabled\":\"1\",\"deepLinks\":\"1\",\"sidebarBGColor\":\"#ffffff\",\"lightbox800HideArrows\":\"0\",\"viewsEnabled\":\"1\",\"likesEnabled\":\"1\",\"thumb2link\":\"0\",\"show_title\":\"1\",\"initRPdelay\":\"200\",\"key\":\"\",\"name\":\"\",\"mfp_css\":\"\\r\\n#mfp_gm_sc1_20 .mfp-arrow-right:after,\\r\\n#mfp_gm_sc1_20 .mfp-arrow-right .mfp-a {border-left-color:#ffffff;}\\r\\n#mfp_gm_sc1_20 .mfp-arrow-left:after,\\r\\n#mfp_gm_sc1_20 .mfp-arrow-left .mfp-a {border-right-color:#ffffff;}\\r\\n#mfp_gm_sc1_20 .mfp-close,\\r\\n#mfp_gm_sc1_20 .mfp-likes,\\r\\n#mfp_gm_sc1_20 .mfp-share {color:#ffffff;}\\r\\n#mfp_gm_sc1_20 .mfp-preloader {background-color:#ffffff;}\\r\\n#mfp_gm_sc1_20 .flagPhantom_title,\\r\\n#mfp_gm_sc1_20 .mfp-counter {color:#f3f3f3;}\\r\\n#mfp_gm_sc1_20 .flagPhantom_text {color:#f3f3f3;}\\r\\n#mfp_gm_sc1_20_bg.mfp-bg {background-color:#0b0b0b;}\\r\\n#mfp_gm_sc1_20_bg.mfp-bg {opacity:0.8;}\\r\\n#mfp_gm_sc1_20_bg.mfp-zoom-in.mfp-bg {opacity:0}\\r\\n#mfp_gm_sc1_20_bg.mfp-zoom-in.mfp-ready.mfp-bg {opacity:0.8;}\\r\\n#mfp_gm_sc1_20_bg.mfp-zoom-in.mfp-removing.mfp-bg {opacity:0}\"}; jQuery('#FlaGallery_sc1_20').flagPhantom([settings]); }); <\/script><\/div><noscript id=\"noscript_FlaGallery_sc1_20\"><img class=\"skip-lazy no-lazyload noLazy\" data-lazy-src=\"\" src =\"https:\/\/sniperhb.cz\/wp-content\/flagallery\/2005-stepansky-turnaj\/img00001.jpg\" alt=\"\" \/><img class=\"skip-lazy no-lazyload noLazy\" data-lazy-src=\"\" src =\"https:\/\/sniperhb.cz\/wp-content\/flagallery\/2005-stepansky-turnaj\/img00002.jpg\" alt=\"\" \/><img class=\"skip-lazy no-lazyload noLazy\" data-lazy-src=\"\" src =\"https:\/\/sniperhb.cz\/wp-content\/flagallery\/2005-stepansky-turnaj\/img00003.jpg\" alt=\"\" \/><img class=\"skip-lazy no-lazyload noLazy\" data-lazy-src=\"\" src =\"https:\/\/sniperhb.cz\/wp-content\/flagallery\/2005-stepansky-turnaj\/img00004.jpg\" alt=\"\" \/><img class=\"skip-lazy no-lazyload noLazy\" data-lazy-src=\"\" src =\"https:\/\/sniperhb.cz\/wp-content\/flagallery\/2005-stepansky-turnaj\/img00005.jpg\" alt=\"\" \/><img class=\"skip-lazy no-lazyload noLazy\" data-lazy-src=\"\" src =\"https:\/\/sniperhb.cz\/wp-content\/flagallery\/2005-stepansky-turnaj\/img00006.jpg\" alt=\"\" \/><img class=\"skip-lazy no-lazyload noLazy\" data-lazy-src=\"\" src =\"https:\/\/sniperhb.cz\/wp-content\/flagallery\/2005-stepansky-turnaj\/img00007.jpg\" alt=\"\" \/><img class=\"skip-lazy no-lazyload noLazy\" data-lazy-src=\"\" src =\"https:\/\/sniperhb.cz\/wp-content\/flagallery\/2005-stepansky-turnaj\/img00008.jpg\" alt=\"\" \/><img class=\"skip-lazy no-lazyload noLazy\" data-lazy-src=\"\" src =\"https:\/\/sniperhb.cz\/wp-content\/flagallery\/2005-stepansky-turnaj\/img00009.jpg\" alt=\"\" \/><img class=\"skip-lazy no-lazyload noLazy\" data-lazy-src=\"\" src =\"https:\/\/sniperhb.cz\/wp-content\/flagallery\/2005-stepansky-turnaj\/img00010.jpg\" alt=\"\" \/><img class=\"skip-lazy no-lazyload noLazy\" data-lazy-src=\"\" src =\"https:\/\/sniperhb.cz\/wp-content\/flagallery\/2005-stepansky-turnaj\/img00011.jpg\" alt=\"\" \/><img class=\"skip-lazy no-lazyload noLazy\" data-lazy-src=\"\" src =\"https:\/\/sniperhb.cz\/wp-content\/flagallery\/2005-stepansky-turnaj\/img00012.jpg\" alt=\"\" \/><img class=\"skip-lazy no-lazyload noLazy\" data-lazy-src=\"\" src =\"https:\/\/sniperhb.cz\/wp-content\/flagallery\/2005-stepansky-turnaj\/img00013.jpg\" alt=\"\" \/><img class=\"skip-lazy no-lazyload noLazy\" data-lazy-src=\"\" src =\"https:\/\/sniperhb.cz\/wp-content\/flagallery\/2005-stepansky-turnaj\/img00014.jpg\" alt=\"\" \/><img class=\"skip-lazy no-lazyload noLazy\" data-lazy-src=\"\" src =\"https:\/\/sniperhb.cz\/wp-content\/flagallery\/2005-stepansky-turnaj\/img00015.jpg\" alt=\"\" \/><img class=\"skip-lazy no-lazyload noLazy\" data-lazy-src=\"\" src =\"https:\/\/sniperhb.cz\/wp-content\/flagallery\/2005-stepansky-turnaj\/img00016.jpg\" alt=\"\" \/><img class=\"skip-lazy no-lazyload noLazy\" data-lazy-src=\"\" src =\"https:\/\/sniperhb.cz\/wp-content\/flagallery\/2005-stepansky-turnaj\/img00017.jpg\" alt=\"\" \/><img class=\"skip-lazy no-lazyload noLazy\" data-lazy-src=\"\" src =\"https:\/\/sniperhb.cz\/wp-content\/flagallery\/2005-stepansky-turnaj\/img00018.jpg\" alt=\"\" \/><\/noscript>\n","protected":false},"excerpt":{"rendered":"<p>Poprv\u00e9 se na fotk\u00e1ch objevuje letit\u00fd maskot t\u00fdmu &nbsp;<\/p>\n","protected":false},"author":1,"featured_media":2512,"parent":1002,"menu_order":550,"comment_status":"closed","ping_status":"closed","template":"","meta":{"footnotes":""},"class_list":["post-1268","page","type-page","status-publish","has-post-thumbnail","hentry","nodate","item-wrap"],"_links":{"self":[{"href":"https:\/\/sniperhb.cz\/index.php?rest_route=\/wp\/v2\/pages\/1268","targetHints":{"allow":["GET"]}}],"collection":[{"href":"https:\/\/sniperhb.cz\/index.php?rest_route=\/wp\/v2\/pages"}],"about":[{"href":"https:\/\/sniperhb.cz\/index.php?rest_route=\/wp\/v2\/types\/page"}],"author":[{"embeddable":true,"href":"https:\/\/sniperhb.cz\/index.php?rest_route=\/wp\/v2\/users\/1"}],"replies":[{"embeddable":true,"href":"https:\/\/sniperhb.cz\/index.php?rest_route=%2Fwp%2Fv2%2Fcomments&post=1268"}],"version-history":[{"count":4,"href":"https:\/\/sniperhb.cz\/index.php?rest_route=\/wp\/v2\/pages\/1268\/revisions"}],"predecessor-version":[{"id":2805,"href":"https:\/\/sniperhb.cz\/index.php?rest_route=\/wp\/v2\/pages\/1268\/revisions\/2805"}],"up":[{"embeddable":true,"href":"https:\/\/sniperhb.cz\/index.php?rest_route=\/wp\/v2\/pages\/1002"}],"wp:featuredmedia":[{"embeddable":true,"href":"https:\/\/sniperhb.cz\/index.php?rest_route=\/wp\/v2\/media\/2512"}],"wp:attachment":[{"href":"https:\/\/sniperhb.cz\/index.php?rest_route=%2Fwp%2Fv2%2Fmedia&parent=1268"}],"curies":[{"name":"wp","href":"https:\/\/api.w.org\/{rel}","templated":true}]}}