{"id":2751,"date":"2017-03-03T11:03:48","date_gmt":"2017-03-03T10:03:48","guid":{"rendered":"http:\/\/sniperhb.cz\/?page_id=2751"},"modified":"2017-03-03T11:15:16","modified_gmt":"2017-03-03T10:15:16","slug":"finale-ligoveho-poharu","status":"publish","type":"page","link":"https:\/\/sniperhb.cz\/?page_id=2751","title":{"rendered":"2017 &#8211; Fin\u00e1le ligov\u00e9ho poh\u00e1ru"},"content":{"rendered":"<p><a href=\"https:\/\/sniperhb.cz\/wp-content\/uploads\/2017\/02\/received_10202860459948807.png\"><img loading=\"lazy\" decoding=\"async\" class=\"alignnone size-medium wp-image-2734\" src=\"https:\/\/sniperhb.cz\/wp-content\/uploads\/2017\/02\/received_10202860459948807-169x300.png\" alt=\"\" width=\"169\" height=\"300\" srcset=\"https:\/\/sniperhb.cz\/wp-content\/uploads\/2017\/02\/received_10202860459948807-169x300.png 169w, https:\/\/sniperhb.cz\/wp-content\/uploads\/2017\/02\/received_10202860459948807-768x1365.png 768w, https:\/\/sniperhb.cz\/wp-content\/uploads\/2017\/02\/received_10202860459948807-576x1024.png 576w, https:\/\/sniperhb.cz\/wp-content\/uploads\/2017\/02\/received_10202860459948807.png 1080w\" sizes=\"auto, (max-width: 169px) 100vw, 169px\" \/><\/a> <a href=\"https:\/\/sniperhb.cz\/wp-content\/uploads\/2017\/02\/received_1382815991791743.jpeg\"><img loading=\"lazy\" decoding=\"async\" class=\"alignnone size-medium wp-image-2733\" src=\"https:\/\/sniperhb.cz\/wp-content\/uploads\/2017\/02\/received_1382815991791743-179x300.jpeg\" alt=\"\" width=\"179\" height=\"300\" srcset=\"https:\/\/sniperhb.cz\/wp-content\/uploads\/2017\/02\/received_1382815991791743-179x300.jpeg 179w, https:\/\/sniperhb.cz\/wp-content\/uploads\/2017\/02\/received_1382815991791743-610x1024.jpeg 610w, https:\/\/sniperhb.cz\/wp-content\/uploads\/2017\/02\/received_1382815991791743.jpeg 720w\" sizes=\"auto, (max-width: 179px) 100vw, 179px\" \/><\/a> <a href=\"https:\/\/sniperhb.cz\/wp-content\/uploads\/2017\/02\/DSC_0570.jpg\"><img loading=\"lazy\" decoding=\"async\" class=\"alignnone size-medium wp-image-2732\" src=\"https:\/\/sniperhb.cz\/wp-content\/uploads\/2017\/02\/DSC_0570-300x169.jpg\" alt=\"\" width=\"300\" height=\"169\" srcset=\"https:\/\/sniperhb.cz\/wp-content\/uploads\/2017\/02\/DSC_0570-300x169.jpg 300w, https:\/\/sniperhb.cz\/wp-content\/uploads\/2017\/02\/DSC_0570-768x432.jpg 768w, https:\/\/sniperhb.cz\/wp-content\/uploads\/2017\/02\/DSC_0570-1024x576.jpg 1024w\" sizes=\"auto, (max-width: 300px) 100vw, 300px\" \/><\/a> <a href=\"https:\/\/sniperhb.cz\/wp-content\/uploads\/2017\/02\/DSC_0569.jpg\"><img loading=\"lazy\" decoding=\"async\" class=\"alignnone size-medium wp-image-2731\" src=\"https:\/\/sniperhb.cz\/wp-content\/uploads\/2017\/02\/DSC_0569-300x169.jpg\" alt=\"\" width=\"300\" height=\"169\" srcset=\"https:\/\/sniperhb.cz\/wp-content\/uploads\/2017\/02\/DSC_0569-300x169.jpg 300w, https:\/\/sniperhb.cz\/wp-content\/uploads\/2017\/02\/DSC_0569-768x432.jpg 768w, https:\/\/sniperhb.cz\/wp-content\/uploads\/2017\/02\/DSC_0569-1024x576.jpg 1024w\" sizes=\"auto, (max-width: 300px) 100vw, 300px\" \/><\/a> <a href=\"https:\/\/sniperhb.cz\/wp-content\/uploads\/2017\/02\/DSC_0567.jpg\"><img loading=\"lazy\" decoding=\"async\" class=\"alignnone size-medium wp-image-2730\" src=\"https:\/\/sniperhb.cz\/wp-content\/uploads\/2017\/02\/DSC_0567-300x169.jpg\" alt=\"\" width=\"300\" height=\"169\" srcset=\"https:\/\/sniperhb.cz\/wp-content\/uploads\/2017\/02\/DSC_0567-300x169.jpg 300w, https:\/\/sniperhb.cz\/wp-content\/uploads\/2017\/02\/DSC_0567-768x432.jpg 768w, https:\/\/sniperhb.cz\/wp-content\/uploads\/2017\/02\/DSC_0567-1024x576.jpg 1024w\" sizes=\"auto, (max-width: 300px) 100vw, 300px\" \/><\/a> <a href=\"https:\/\/sniperhb.cz\/wp-content\/uploads\/2017\/02\/DSC_0566.jpg\"><img loading=\"lazy\" decoding=\"async\" class=\"alignnone size-medium wp-image-2729\" src=\"https:\/\/sniperhb.cz\/wp-content\/uploads\/2017\/02\/DSC_0566-300x169.jpg\" alt=\"\" width=\"300\" height=\"169\" srcset=\"https:\/\/sniperhb.cz\/wp-content\/uploads\/2017\/02\/DSC_0566-300x169.jpg 300w, https:\/\/sniperhb.cz\/wp-content\/uploads\/2017\/02\/DSC_0566-768x432.jpg 768w, https:\/\/sniperhb.cz\/wp-content\/uploads\/2017\/02\/DSC_0566-1024x576.jpg 1024w\" sizes=\"auto, (max-width: 300px) 100vw, 300px\" \/><\/a> <a href=\"https:\/\/sniperhb.cz\/wp-content\/uploads\/2017\/02\/DSC_0565.jpg\"><img loading=\"lazy\" decoding=\"async\" class=\"alignnone size-medium wp-image-2727\" src=\"https:\/\/sniperhb.cz\/wp-content\/uploads\/2017\/02\/DSC_0565-300x169.jpg\" alt=\"\" width=\"300\" height=\"169\" srcset=\"https:\/\/sniperhb.cz\/wp-content\/uploads\/2017\/02\/DSC_0565-300x169.jpg 300w, https:\/\/sniperhb.cz\/wp-content\/uploads\/2017\/02\/DSC_0565-768x432.jpg 768w, https:\/\/sniperhb.cz\/wp-content\/uploads\/2017\/02\/DSC_0565-1024x576.jpg 1024w\" sizes=\"auto, (max-width: 300px) 100vw, 300px\" \/><\/a> <a href=\"https:\/\/sniperhb.cz\/wp-content\/uploads\/2017\/02\/DSC_0564.jpg\"><img loading=\"lazy\" decoding=\"async\" class=\"alignnone size-medium wp-image-2726\" src=\"https:\/\/sniperhb.cz\/wp-content\/uploads\/2017\/02\/DSC_0564-300x169.jpg\" alt=\"\" width=\"300\" height=\"169\" srcset=\"https:\/\/sniperhb.cz\/wp-content\/uploads\/2017\/02\/DSC_0564-300x169.jpg 300w, https:\/\/sniperhb.cz\/wp-content\/uploads\/2017\/02\/DSC_0564-768x432.jpg 768w, https:\/\/sniperhb.cz\/wp-content\/uploads\/2017\/02\/DSC_0564-1024x576.jpg 1024w\" sizes=\"auto, (max-width: 300px) 100vw, 300px\" \/><\/a> <a href=\"https:\/\/sniperhb.cz\/wp-content\/uploads\/2017\/02\/DSC_0563.jpg\"><img loading=\"lazy\" decoding=\"async\" class=\"alignnone size-medium wp-image-2725\" src=\"https:\/\/sniperhb.cz\/wp-content\/uploads\/2017\/02\/DSC_0563-300x169.jpg\" alt=\"\" width=\"300\" height=\"169\" srcset=\"https:\/\/sniperhb.cz\/wp-content\/uploads\/2017\/02\/DSC_0563-300x169.jpg 300w, https:\/\/sniperhb.cz\/wp-content\/uploads\/2017\/02\/DSC_0563-768x432.jpg 768w, https:\/\/sniperhb.cz\/wp-content\/uploads\/2017\/02\/DSC_0563-1024x576.jpg 1024w\" sizes=\"auto, (max-width: 300px) 100vw, 300px\" \/><\/a> <a href=\"https:\/\/sniperhb.cz\/wp-content\/uploads\/2017\/02\/DSC_0562.jpg\"><img loading=\"lazy\" decoding=\"async\" class=\"alignnone size-medium wp-image-2724\" src=\"https:\/\/sniperhb.cz\/wp-content\/uploads\/2017\/02\/DSC_0562-300x169.jpg\" alt=\"\" width=\"300\" height=\"169\" srcset=\"https:\/\/sniperhb.cz\/wp-content\/uploads\/2017\/02\/DSC_0562-300x169.jpg 300w, https:\/\/sniperhb.cz\/wp-content\/uploads\/2017\/02\/DSC_0562-768x432.jpg 768w, https:\/\/sniperhb.cz\/wp-content\/uploads\/2017\/02\/DSC_0562-1024x576.jpg 1024w\" sizes=\"auto, (max-width: 300px) 100vw, 300px\" \/><\/a> <a href=\"https:\/\/sniperhb.cz\/wp-content\/uploads\/2017\/02\/DSC_0561.jpg\"><img loading=\"lazy\" decoding=\"async\" class=\"alignnone size-medium wp-image-2723\" src=\"https:\/\/sniperhb.cz\/wp-content\/uploads\/2017\/02\/DSC_0561-300x169.jpg\" alt=\"\" width=\"300\" height=\"169\" srcset=\"https:\/\/sniperhb.cz\/wp-content\/uploads\/2017\/02\/DSC_0561-300x169.jpg 300w, https:\/\/sniperhb.cz\/wp-content\/uploads\/2017\/02\/DSC_0561-768x432.jpg 768w, https:\/\/sniperhb.cz\/wp-content\/uploads\/2017\/02\/DSC_0561-1024x576.jpg 1024w\" sizes=\"auto, (max-width: 300px) 100vw, 300px\" \/><\/a> <a href=\"https:\/\/sniperhb.cz\/wp-content\/uploads\/2017\/02\/DSC_0560.jpg\"><img loading=\"lazy\" decoding=\"async\" class=\"alignnone size-medium wp-image-2722\" src=\"https:\/\/sniperhb.cz\/wp-content\/uploads\/2017\/02\/DSC_0560-300x169.jpg\" alt=\"\" width=\"300\" height=\"169\" srcset=\"https:\/\/sniperhb.cz\/wp-content\/uploads\/2017\/02\/DSC_0560-300x169.jpg 300w, https:\/\/sniperhb.cz\/wp-content\/uploads\/2017\/02\/DSC_0560-768x432.jpg 768w, https:\/\/sniperhb.cz\/wp-content\/uploads\/2017\/02\/DSC_0560-1024x576.jpg 1024w\" sizes=\"auto, (max-width: 300px) 100vw, 300px\" \/><\/a> <a href=\"https:\/\/sniperhb.cz\/wp-content\/uploads\/2017\/02\/DSC_0559.jpg\"><img loading=\"lazy\" decoding=\"async\" class=\"alignnone size-medium wp-image-2721\" src=\"https:\/\/sniperhb.cz\/wp-content\/uploads\/2017\/02\/DSC_0559-300x169.jpg\" alt=\"\" width=\"300\" height=\"169\" srcset=\"https:\/\/sniperhb.cz\/wp-content\/uploads\/2017\/02\/DSC_0559-300x169.jpg 300w, https:\/\/sniperhb.cz\/wp-content\/uploads\/2017\/02\/DSC_0559-768x432.jpg 768w, https:\/\/sniperhb.cz\/wp-content\/uploads\/2017\/02\/DSC_0559-1024x576.jpg 1024w\" sizes=\"auto, (max-width: 300px) 100vw, 300px\" \/><\/a> <a href=\"https:\/\/sniperhb.cz\/wp-content\/uploads\/2017\/02\/DSC_0558.jpg\"><img loading=\"lazy\" decoding=\"async\" class=\"alignnone size-medium wp-image-2720\" src=\"https:\/\/sniperhb.cz\/wp-content\/uploads\/2017\/02\/DSC_0558-300x169.jpg\" alt=\"\" width=\"300\" height=\"169\" srcset=\"https:\/\/sniperhb.cz\/wp-content\/uploads\/2017\/02\/DSC_0558-300x169.jpg 300w, https:\/\/sniperhb.cz\/wp-content\/uploads\/2017\/02\/DSC_0558-768x432.jpg 768w, https:\/\/sniperhb.cz\/wp-content\/uploads\/2017\/02\/DSC_0558-1024x576.jpg 1024w\" sizes=\"auto, (max-width: 300px) 100vw, 300px\" \/><\/a> <a href=\"https:\/\/sniperhb.cz\/wp-content\/uploads\/2017\/02\/DSC_0557.jpg\"><img loading=\"lazy\" decoding=\"async\" class=\"alignnone size-medium wp-image-2719\" src=\"https:\/\/sniperhb.cz\/wp-content\/uploads\/2017\/02\/DSC_0557-300x169.jpg\" alt=\"\" width=\"300\" height=\"169\" srcset=\"https:\/\/sniperhb.cz\/wp-content\/uploads\/2017\/02\/DSC_0557-300x169.jpg 300w, https:\/\/sniperhb.cz\/wp-content\/uploads\/2017\/02\/DSC_0557-768x432.jpg 768w, https:\/\/sniperhb.cz\/wp-content\/uploads\/2017\/02\/DSC_0557-1024x576.jpg 1024w\" sizes=\"auto, (max-width: 300px) 100vw, 300px\" \/><\/a> <a href=\"https:\/\/sniperhb.cz\/wp-content\/uploads\/2017\/02\/DSC_0556.jpg\"><img loading=\"lazy\" decoding=\"async\" class=\"alignnone size-medium wp-image-2718\" src=\"https:\/\/sniperhb.cz\/wp-content\/uploads\/2017\/02\/DSC_0556-300x169.jpg\" alt=\"\" width=\"300\" height=\"169\" srcset=\"https:\/\/sniperhb.cz\/wp-content\/uploads\/2017\/02\/DSC_0556-300x169.jpg 300w, https:\/\/sniperhb.cz\/wp-content\/uploads\/2017\/02\/DSC_0556-768x432.jpg 768w, https:\/\/sniperhb.cz\/wp-content\/uploads\/2017\/02\/DSC_0556-1024x576.jpg 1024w\" sizes=\"auto, (max-width: 300px) 100vw, 300px\" \/><\/a> <a href=\"https:\/\/sniperhb.cz\/wp-content\/uploads\/2017\/02\/DSC_0555.jpg\"><img loading=\"lazy\" decoding=\"async\" class=\"alignnone size-medium wp-image-2717\" src=\"https:\/\/sniperhb.cz\/wp-content\/uploads\/2017\/02\/DSC_0555-300x169.jpg\" alt=\"\" width=\"300\" height=\"169\" srcset=\"https:\/\/sniperhb.cz\/wp-content\/uploads\/2017\/02\/DSC_0555-300x169.jpg 300w, https:\/\/sniperhb.cz\/wp-content\/uploads\/2017\/02\/DSC_0555-768x432.jpg 768w, https:\/\/sniperhb.cz\/wp-content\/uploads\/2017\/02\/DSC_0555-1024x576.jpg 1024w\" sizes=\"auto, (max-width: 300px) 100vw, 300px\" \/><\/a> <a href=\"https:\/\/sniperhb.cz\/wp-content\/uploads\/2017\/02\/DSC_0554.jpg\"><img loading=\"lazy\" decoding=\"async\" class=\"alignnone size-medium wp-image-2716\" src=\"https:\/\/sniperhb.cz\/wp-content\/uploads\/2017\/02\/DSC_0554-300x169.jpg\" alt=\"\" width=\"300\" height=\"169\" srcset=\"https:\/\/sniperhb.cz\/wp-content\/uploads\/2017\/02\/DSC_0554-300x169.jpg 300w, https:\/\/sniperhb.cz\/wp-content\/uploads\/2017\/02\/DSC_0554-768x432.jpg 768w, https:\/\/sniperhb.cz\/wp-content\/uploads\/2017\/02\/DSC_0554-1024x576.jpg 1024w\" sizes=\"auto, (max-width: 300px) 100vw, 300px\" \/><\/a> <a href=\"https:\/\/sniperhb.cz\/wp-content\/uploads\/2017\/02\/DSC_0553.jpg\"><img loading=\"lazy\" decoding=\"async\" class=\"alignnone size-medium wp-image-2715\" src=\"https:\/\/sniperhb.cz\/wp-content\/uploads\/2017\/02\/DSC_0553-300x169.jpg\" alt=\"\" width=\"300\" height=\"169\" srcset=\"https:\/\/sniperhb.cz\/wp-content\/uploads\/2017\/02\/DSC_0553-300x169.jpg 300w, https:\/\/sniperhb.cz\/wp-content\/uploads\/2017\/02\/DSC_0553-768x432.jpg 768w, https:\/\/sniperhb.cz\/wp-content\/uploads\/2017\/02\/DSC_0553-1024x576.jpg 1024w\" sizes=\"auto, (max-width: 300px) 100vw, 300px\" \/><\/a> <a href=\"https:\/\/sniperhb.cz\/wp-content\/uploads\/2017\/02\/DSC_0552.jpg\"><img loading=\"lazy\" decoding=\"async\" class=\"alignnone size-medium wp-image-2713\" src=\"https:\/\/sniperhb.cz\/wp-content\/uploads\/2017\/02\/DSC_0552-300x169.jpg\" alt=\"\" width=\"300\" height=\"169\" srcset=\"https:\/\/sniperhb.cz\/wp-content\/uploads\/2017\/02\/DSC_0552-300x169.jpg 300w, https:\/\/sniperhb.cz\/wp-content\/uploads\/2017\/02\/DSC_0552-768x432.jpg 768w, https:\/\/sniperhb.cz\/wp-content\/uploads\/2017\/02\/DSC_0552-1024x576.jpg 1024w\" sizes=\"auto, (max-width: 300px) 100vw, 300px\" \/><\/a> <a href=\"https:\/\/sniperhb.cz\/wp-content\/uploads\/2017\/02\/DSC_0551.jpg\"><img loading=\"lazy\" decoding=\"async\" class=\"alignnone size-medium wp-image-2712\" src=\"https:\/\/sniperhb.cz\/wp-content\/uploads\/2017\/02\/DSC_0551-300x169.jpg\" alt=\"\" width=\"300\" height=\"169\" srcset=\"https:\/\/sniperhb.cz\/wp-content\/uploads\/2017\/02\/DSC_0551-300x169.jpg 300w, https:\/\/sniperhb.cz\/wp-content\/uploads\/2017\/02\/DSC_0551-768x432.jpg 768w, https:\/\/sniperhb.cz\/wp-content\/uploads\/2017\/02\/DSC_0551-1024x576.jpg 1024w\" sizes=\"auto, (max-width: 300px) 100vw, 300px\" \/><\/a> <a href=\"https:\/\/sniperhb.cz\/wp-content\/uploads\/2017\/02\/DSC_0550.jpg\"><img loading=\"lazy\" decoding=\"async\" class=\"alignnone size-medium wp-image-2711\" src=\"https:\/\/sniperhb.cz\/wp-content\/uploads\/2017\/02\/DSC_0550-300x169.jpg\" alt=\"\" width=\"300\" height=\"169\" srcset=\"https:\/\/sniperhb.cz\/wp-content\/uploads\/2017\/02\/DSC_0550-300x169.jpg 300w, https:\/\/sniperhb.cz\/wp-content\/uploads\/2017\/02\/DSC_0550-768x432.jpg 768w, https:\/\/sniperhb.cz\/wp-content\/uploads\/2017\/02\/DSC_0550-1024x576.jpg 1024w\" sizes=\"auto, (max-width: 300px) 100vw, 300px\" \/><\/a> <a href=\"https:\/\/sniperhb.cz\/wp-content\/uploads\/2017\/02\/DSC_0548.jpg\"><img loading=\"lazy\" decoding=\"async\" class=\"alignnone size-medium wp-image-2710\" src=\"https:\/\/sniperhb.cz\/wp-content\/uploads\/2017\/02\/DSC_0548-300x169.jpg\" alt=\"\" width=\"300\" height=\"169\" srcset=\"https:\/\/sniperhb.cz\/wp-content\/uploads\/2017\/02\/DSC_0548-300x169.jpg 300w, https:\/\/sniperhb.cz\/wp-content\/uploads\/2017\/02\/DSC_0548-768x432.jpg 768w, https:\/\/sniperhb.cz\/wp-content\/uploads\/2017\/02\/DSC_0548-1024x576.jpg 1024w\" sizes=\"auto, (max-width: 300px) 100vw, 300px\" \/><\/a><\/p>\n","protected":false},"excerpt":{"rendered":"","protected":false},"author":10,"featured_media":0,"parent":1002,"menu_order":0,"comment_status":"closed","ping_status":"closed","template":"","meta":{"footnotes":""},"class_list":["post-2751","page","type-page","status-publish","hentry","nodate","item-wrap"],"_links":{"self":[{"href":"https:\/\/sniperhb.cz\/index.php?rest_route=\/wp\/v2\/pages\/2751","targetHints":{"allow":["GET"]}}],"collection":[{"href":"https:\/\/sniperhb.cz\/index.php?rest_route=\/wp\/v2\/pages"}],"about":[{"href":"https:\/\/sniperhb.cz\/index.php?rest_route=\/wp\/v2\/types\/page"}],"author":[{"embeddable":true,"href":"https:\/\/sniperhb.cz\/index.php?rest_route=\/wp\/v2\/users\/10"}],"replies":[{"embeddable":true,"href":"https:\/\/sniperhb.cz\/index.php?rest_route=%2Fwp%2Fv2%2Fcomments&post=2751"}],"version-history":[{"count":4,"href":"https:\/\/sniperhb.cz\/index.php?rest_route=\/wp\/v2\/pages\/2751\/revisions"}],"predecessor-version":[{"id":2788,"href":"https:\/\/sniperhb.cz\/index.php?rest_route=\/wp\/v2\/pages\/2751\/revisions\/2788"}],"up":[{"embeddable":true,"href":"https:\/\/sniperhb.cz\/index.php?rest_route=\/wp\/v2\/pages\/1002"}],"wp:attachment":[{"href":"https:\/\/sniperhb.cz\/index.php?rest_route=%2Fwp%2Fv2%2Fmedia&parent=2751"}],"curies":[{"name":"wp","href":"https:\/\/api.w.org\/{rel}","templated":true}]}}