{"id":719,"date":"2018-03-19T06:47:57","date_gmt":"2018-03-19T05:47:57","guid":{"rendered":"http:\/\/sniperhb.cz\/?page_id=719"},"modified":"2018-03-27T17:43:04","modified_gmt":"2018-03-27T16:43:04","slug":"seznam-tymu-na-smigrustak","status":"publish","type":"page","link":"https:\/\/sniperhb.cz\/?page_id=719","title":{"rendered":"Seznam T\u00fdm\u016f na \u0160MIGRUS\u0164\u00c1K"},"content":{"rendered":"<table style=\"height: 441px; width: 611px;\">\n<tbody>\n<tr style=\"height: 18px;\">\n<td style=\"height: 18px; width: 220px;\">\u00a0N\u00e1zev t\u00fdmu<\/td>\n<td style=\"text-align: center; height: 18px; width: 183.1px;\">\u00a01. hr\u00e1\u010d<\/td>\n<td style=\"text-align: center; height: 18px; width: 169.9px;\">2.hr\u00e1\u010d<\/td>\n<\/tr>\n<tr style=\"height: 18px;\">\n<td style=\"height: 18px; width: 220px;\">\u00a01 . <strong>Black &amp; White<\/strong><\/td>\n<td style=\"height: 18px; width: 183.1px; text-align: left;\">\u00a0Mr. Black<\/td>\n<td style=\"height: 18px; width: 169.9px; text-align: left;\"><strong>Mr. White<\/strong><\/td>\n<\/tr>\n<tr style=\"height: 18px;\">\n<td style=\"height: 18px; width: 220px;\">\u00a02. Black Sheep<\/td>\n<td style=\"height: 18px; width: 183.1px;\">\u00a0Jur\u00e1\u010dek Jerry<\/td>\n<td style=\"height: 18px; width: 169.9px;\">\u00a0Vl\u010dek Ji\u0159\u00ed<\/td>\n<\/tr>\n<tr style=\"height: 18px;\">\n<td style=\"height: 18px; width: 220px;\">\u00a03. Tiny Boys<\/td>\n<td style=\"height: 18px; width: 183.1px;\">\u00a0Chovan\u010d\u00edk Radek<\/td>\n<td style=\"height: 18px; width: 169.9px;\">Mace\u010dek V\u00edt<\/td>\n<\/tr>\n<tr style=\"height: 18px;\">\n<td style=\"height: 18px; width: 220px;\">\u00a04. \u017draloci<\/td>\n<td style=\"height: 18px; width: 183.1px;\">\u00a0Ch\u00fdlek Ludv\u00edk<\/td>\n<td style=\"height: 18px; width: 169.9px;\">Prokopovsk\u00fd Libor<\/td>\n<\/tr>\n<tr style=\"height: 18px;\">\n<td style=\"height: 18px; width: 220px;\">\u00a05. V\u00e9v\u00e9\u010dka<\/td>\n<td style=\"height: 18px; width: 183.1px;\">\u00a0Va\u0161utov\u00e1 Veronika<\/td>\n<td style=\"height: 18px; width: 169.9px;\">\u00a0Va\u0161enkov\u00e1 Lucie<\/td>\n<\/tr>\n<tr style=\"height: 18px;\">\n<td style=\"height: 18px; width: 220px;\">\u00a06. Champions<\/td>\n<td style=\"height: 18px; width: 183.1px;\">\u00a0Randa \u010cestm\u00edr<\/td>\n<td style=\"height: 18px; width: 169.9px;\">Van\u00ed\u010dek Tom\u00e1\u0161<\/td>\n<\/tr>\n<tr style=\"height: 18px;\">\n<td style=\"height: 18px; width: 220px;\">\u00a07.Do Po\u010dtu<\/td>\n<td style=\"height: 18px; width: 183.1px;\">\u00a0Juro\u0161ka Jan<\/td>\n<td style=\"height: 18px; width: 169.9px;\">\u00a0Va\u0161ut Jakub<\/td>\n<\/tr>\n<tr style=\"height: 18px;\">\n<td style=\"height: 18px; width: 220px;\">\u00a08.Kalibrace<\/td>\n<td style=\"height: 18px; width: 183.1px;\">\u00a0Tom\u00e1\u0161 Rybn\u00ed\u010dek<\/td>\n<td style=\"height: 18px; width: 169.9px;\">\n<ol>\n<li>\u00a0Luk\u00e1\u0161 Malina<\/li>\n<\/ol>\n<\/td>\n<\/tr>\n<tr style=\"height: 18px;\">\n<td style=\"height: 18px; width: 220px;\">9.Krypl\u00ed\u010dci<\/td>\n<td style=\"height: 18px; width: 183.1px;\">\u00a0Gabriela Vr\u00e1blov\u00e1<\/td>\n<td style=\"height: 18px; width: 169.9px;\">\u00a0Jana Kuli\u0161kov\u00e1<\/td>\n<\/tr>\n<tr style=\"height: 18px;\">\n<td style=\"height: 18px; width: 220px;\">\u00a010. TomPet<\/td>\n<td style=\"height: 18px; width: 183.1px;\">Tom\u00e1\u0161 Bolcek<\/td>\n<td style=\"height: 18px; width: 169.9px;\">Petr M\u00edka<\/td>\n<\/tr>\n<tr style=\"height: 18px;\">\n<td style=\"height: 18px; width: 220px;\">\u00a011. GerlichBoys<\/td>\n<td style=\"height: 18px; width: 183.1px;\">\u00a0Adamec Radek<\/td>\n<td style=\"height: 18px; width: 169.9px;\">\u00a0Barbo\u0159\u00e1k Daniel<\/td>\n<\/tr>\n<tr style=\"height: 18px;\">\n<td style=\"height: 18px; width: 220px;\">\u00a012. 38 K\u010d<\/td>\n<td style=\"height: 18px; width: 183.1px;\">\u00a0Malinov\u00e1 Kate\u0159ina<\/td>\n<td style=\"height: 18px; width: 169.9px;\">\u00a0Bulinsk\u00fd Roman<\/td>\n<\/tr>\n<tr style=\"height: 18px;\">\n<td style=\"height: 18px; width: 220px;\">13. Macci<\/td>\n<td style=\"height: 18px; width: 183.1px;\">Mace\u010dek Tom\u00e1\u0161<\/td>\n<td style=\"height: 18px; width: 169.9px;\">V\u00edtek Ji\u0159\u00ed<\/td>\n<\/tr>\n<tr style=\"height: 18px;\">\n<td style=\"height: 18px; width: 220px;\">\u00a014. P\u0159es Kopec<\/td>\n<td style=\"height: 18px; width: 183.1px;\">\u00a0\u0160\u010dotka Tom\u00e1\u0161<\/td>\n<td style=\"height: 18px; width: 169.9px;\">\u00a0 \u0160\u010dotka Ond\u0159ej<\/td>\n<\/tr>\n<tr style=\"height: 18px;\">\n<td style=\"height: 18px; width: 220px;\">\u00a015. Ratl\u00edci<\/td>\n<td style=\"height: 18px; width: 183.1px;\">Chalupa Ji\u0159\u00ed<\/td>\n<td style=\"height: 18px; width: 169.9px;\">M\u00e1cha Petr<\/td>\n<\/tr>\n<tr style=\"height: 18px;\">\n<td style=\"height: 18px; width: 220px;\">\u00a016. Koloto\u010d<\/td>\n<td style=\"height: 18px; width: 183.1px;\">\u00a0Mace\u010dek Mari\u00e1n<\/td>\n<td style=\"height: 18px; width: 169.9px;\">Hanzelka Radim<\/td>\n<\/tr>\n<tr style=\"height: 18px;\">\n<td style=\"height: 18px; width: 220px;\">\u00a017.T\u011bzkono\u017eenci<\/td>\n<td style=\"height: 18px; width: 183.1px;\">\u00a0Zetocha Filip<\/td>\n<td style=\"height: 18px; width: 169.9px;\">\u00a0Randa Tom\u00e1\u0161<\/td>\n<\/tr>\n<tr style=\"height: 18px;\">\n<td style=\"height: 18px; width: 220px;\">\u00a018. Gerlichandy<\/td>\n<td style=\"height: 18px; width: 183.1px;\">\u00a0N\u011bmcov\u00e1 Helena<\/td>\n<td style=\"height: 18px; width: 169.9px;\">\u00a0Grygarov\u00e1 Vendy<\/td>\n<\/tr>\n<tr style=\"height: 18px;\">\n<td style=\"height: 18px; width: 220px;\">\u00a019. Woodentoys<\/td>\n<td style=\"height: 18px; width: 183.1px;\">\u00a0Studen\u00fd Martin<\/td>\n<td style=\"height: 18px; width: 169.9px;\">\u00a0B\u00edlek Radim<\/td>\n<\/tr>\n<tr style=\"height: 19.85px;\">\n<td style=\"height: 19.85px; width: 220px;\">\u00a020. Matyscaci<\/td>\n<td style=\"height: 19.85px; width: 183.1px;\">\u00a0Matyscak Roman<\/td>\n<td style=\"height: 19.85px; width: 169.9px;\">\u00a0Matyscak Marek<\/td>\n<\/tr>\n<tr style=\"height: 20px;\">\n<td style=\"height: 20px; width: 220px;\">\u00a021. Vikings Koopr<\/td>\n<td style=\"height: 20px; width: 183.1px;\">\u00a0Kurecka Zdenek<\/td>\n<td style=\"height: 20px; width: 169.9px;\">\u00a0Pr\u016f\u0161a Franti\u0161ek<\/td>\n<\/tr>\n<tr style=\"height: 18px;\">\n<td style=\"height: 18px; width: 220px;\">\u00a022. Tom\u00e1\u0161ov\u00e9<\/td>\n<td style=\"height: 18px; width: 183.1px;\">St\u0159\u00edbn\u00fd Tom\u00e1\u0161<\/td>\n<td style=\"height: 18px; width: 169.9px;\">Marcel Tom\u00e1\u0161<\/td>\n<\/tr>\n<tr style=\"height: 18px;\">\n<td style=\"height: 18px; width: 220px;\">\u00a023.Katrs<\/td>\n<td style=\"height: 18px; width: 183.1px;\">\u00a0Mlad\u00fd Katr<\/td>\n<td style=\"height: 18px; width: 169.9px;\">\u00a0Katr<\/td>\n<\/tr>\n<tr style=\"height: 18px;\">\n<td style=\"height: 18px; width: 220px;\">\u00a024. Tulokaz<\/td>\n<td style=\"height: 18px; width: 183.1px;\">Male\u0148\u00e1k Radek<\/td>\n<td style=\"height: 18px; width: 169.9px;\">Rom\u00e1nek Josef<\/td>\n<\/tr>\n<tr style=\"height: 18px;\">\n<td style=\"height: 18px; width: 220px;\">\u00a0MAXIMALN\u00cd PO\u010cET 24 DVOJIC !!!<\/td>\n<td style=\"height: 18px; width: 183.1px;\">\u00a0\u00a0MAXIMALN\u00cd PO\u010cET 24 DVOJIC !!!<\/td>\n<td style=\"height: 18px; width: 169.9px;\">\u00a0\u00a0MAXIMALN\u00cd PO\u010cET 24 DVOJIC !!!<\/td>\n<\/tr>\n<tr style=\"height: 18px;\">\n<td style=\"height: 18px; width: 220px;\"><\/td>\n<td style=\"height: 18px; width: 183.1px;\"><\/td>\n<td style=\"height: 18px; width: 169.9px;\"><\/td>\n<\/tr>\n<tr style=\"height: 18px;\">\n<td style=\"height: 18px; width: 220px;\"><\/td>\n<td style=\"height: 18px; width: 183.1px;\"><\/td>\n<td style=\"height: 18px; width: 169.9px;\"><\/td>\n<\/tr>\n<tr style=\"height: 18px;\">\n<td style=\"height: 18px; width: 220px;\"><\/td>\n<td style=\"height: 18px; width: 183.1px;\"><\/td>\n<td style=\"height: 18px; width: 169.9px;\"><\/td>\n<\/tr>\n<tr style=\"height: 18px;\">\n<td style=\"height: 18px; width: 220px;\"><\/td>\n<td style=\"height: 18px; width: 183.1px;\"><\/td>\n<td style=\"height: 18px; width: 169.9px;\"><\/td>\n<\/tr>\n<tr style=\"height: 18px;\">\n<td style=\"height: 18px; width: 220px;\"><\/td>\n<td style=\"height: 18px; width: 183.1px;\"><\/td>\n<td style=\"height: 18px; width: 169.9px;\"><\/td>\n<\/tr>\n<tr style=\"height: 18px;\">\n<td style=\"height: 18px; width: 220px;\"><\/td>\n<td style=\"height: 18px; width: 183.1px;\"><\/td>\n<td style=\"height: 18px; width: 169.9px;\"><\/td>\n<\/tr>\n<\/tbody>\n<\/table>\n<p>&nbsp;<\/p>\n","protected":false},"excerpt":{"rendered":"<p>\u00a0N\u00e1zev t\u00fdmu \u00a01. hr\u00e1\u010d 2.hr\u00e1\u010d \u00a01 . Black &amp; White \u00a0Mr. Black Mr. White \u00a02. Black Sheep \u00a0Jur\u00e1\u010dek Jerry \u00a0Vl\u010dek Ji\u0159\u00ed \u00a03. Tiny Boys \u00a0Chovan\u010d\u00edk Radek Mace\u010dek V\u00edt \u00a04. \u017draloci \u00a0Ch\u00fdlek Ludv\u00edk Prokopovsk\u00fd Libor \u00a05. V\u00e9v\u00e9\u010dka \u00a0Va\u0161utov\u00e1 Veronika \u00a0Va\u0161enkov\u00e1 Lucie \u00a06. Champions \u00a0Randa \u010cestm\u00edr Van\u00ed\u010dek Tom\u00e1\u0161 \u00a07.Do Po\u010dtu \u00a0Juro\u0161ka Jan \u00a0Va\u0161ut Jakub \u00a08.Kalibrace \u00a0Tom\u00e1\u0161 Rybn\u00ed\u010dek &hellip; <\/p>\n<p><a class=\"more-link btn\" href=\"https:\/\/sniperhb.cz\/?page_id=719\">Pokra\u010dovat ve \u010dten\u00ed<\/a><\/p>\n","protected":false},"author":1,"featured_media":0,"parent":0,"menu_order":0,"comment_status":"closed","ping_status":"closed","template":"","meta":{"footnotes":""},"class_list":["post-719","page","type-page","status-publish","hentry","nodate","item-wrap"],"_links":{"self":[{"href":"https:\/\/sniperhb.cz\/index.php?rest_route=\/wp\/v2\/pages\/719","targetHints":{"allow":["GET"]}}],"collection":[{"href":"https:\/\/sniperhb.cz\/index.php?rest_route=\/wp\/v2\/pages"}],"about":[{"href":"https:\/\/sniperhb.cz\/index.php?rest_route=\/wp\/v2\/types\/page"}],"author":[{"embeddable":true,"href":"https:\/\/sniperhb.cz\/index.php?rest_route=\/wp\/v2\/users\/1"}],"replies":[{"embeddable":true,"href":"https:\/\/sniperhb.cz\/index.php?rest_route=%2Fwp%2Fv2%2Fcomments&post=719"}],"version-history":[{"count":81,"href":"https:\/\/sniperhb.cz\/index.php?rest_route=\/wp\/v2\/pages\/719\/revisions"}],"predecessor-version":[{"id":3289,"href":"https:\/\/sniperhb.cz\/index.php?rest_route=\/wp\/v2\/pages\/719\/revisions\/3289"}],"wp:attachment":[{"href":"https:\/\/sniperhb.cz\/index.php?rest_route=%2Fwp%2Fv2%2Fmedia&parent=719"}],"curies":[{"name":"wp","href":"https:\/\/api.w.org\/{rel}","templated":true}]}}